{"id":1527,"date":"2020-07-18T12:28:01","date_gmt":"2020-07-18T17:28:01","guid":{"rendered":"https:\/\/tecnoinformatica-ec.com\/portal1\/?page_id=1527"},"modified":"2022-06-02T14:37:03","modified_gmt":"2022-06-02T19:37:03","slug":"conocenos2","status":"publish","type":"page","link":"https:\/\/tecnoinformatica-ec.com\/portal1\/?page_id=1527","title":{"rendered":"CON\u00d3CENOS"},"content":{"rendered":"\t\t<div data-elementor-type=\"wp-page\" data-elementor-id=\"1527\" class=\"elementor elementor-1527\">\n\t\t\t\t\t\t<section class=\"elementor-section elementor-top-section elementor-element elementor-element-20d4cd20 elementor-section-full_width elementor-section-content-middle elementor-section-height-default elementor-section-height-default\" data-id=\"20d4cd20\" data-element_type=\"section\" data-settings=\"{&quot;background_background&quot;:&quot;classic&quot;}\">\n\t\t\t\t\t\t\t<div class=\"elementor-background-overlay\"><\/div>\n\t\t\t\t\t\t\t<div class=\"elementor-container elementor-column-gap-default\">\n\t\t\t\t\t<div class=\"elementor-column elementor-col-100 elementor-top-column elementor-element elementor-element-173a3ac7\" data-id=\"173a3ac7\" data-element_type=\"column\">\n\t\t\t<div class=\"elementor-widget-wrap elementor-element-populated\">\n\t\t\t\t\t\t<div class=\"elementor-element elementor-element-524694bf elementor-widget elementor-widget-heading\" data-id=\"524694bf\" data-element_type=\"widget\" data-widget_type=\"heading.default\">\n\t\t\t\t<div class=\"elementor-widget-container\">\n\t\t\t\t\t<h2 class=\"elementor-heading-title elementor-size-large\">Soluciones Empresariales\n<br \/>Llave en mano<\/h2>\t\t\t\t<\/div>\n\t\t\t\t<\/div>\n\t\t\t\t\t<\/div>\n\t\t<\/div>\n\t\t\t\t\t<\/div>\n\t\t<\/section>\n\t\t\t\t<section class=\"elementor-section elementor-top-section elementor-element elementor-element-18e3d2cf elementor-section-boxed elementor-section-height-default elementor-section-height-default\" data-id=\"18e3d2cf\" data-element_type=\"section\" data-settings=\"{&quot;background_background&quot;:&quot;classic&quot;}\">\n\t\t\t\t\t\t\t<div class=\"elementor-background-overlay\"><\/div>\n\t\t\t\t\t\t\t<div class=\"elementor-container elementor-column-gap-default\">\n\t\t\t\t\t<div class=\"elementor-column elementor-col-100 elementor-top-column elementor-element elementor-element-5d4bf36f\" data-id=\"5d4bf36f\" data-element_type=\"column\" data-settings=\"{&quot;background_background&quot;:&quot;classic&quot;}\">\n\t\t\t<div class=\"elementor-widget-wrap elementor-element-populated\">\n\t\t\t\t\t<div class=\"elementor-background-overlay\"><\/div>\n\t\t\t\t\t\t<section class=\"elementor-section elementor-inner-section elementor-element elementor-element-6603ae01 elementor-section-boxed elementor-section-height-default elementor-section-height-default\" data-id=\"6603ae01\" data-element_type=\"section\" data-settings=\"{&quot;background_background&quot;:&quot;gradient&quot;}\">\n\t\t\t\t\t\t<div class=\"elementor-container elementor-column-gap-no\">\n\t\t\t\t\t<div class=\"elementor-column elementor-col-100 elementor-inner-column elementor-element elementor-element-36e7a4b\" data-id=\"36e7a4b\" data-element_type=\"column\" data-settings=\"{&quot;background_background&quot;:&quot;classic&quot;}\">\n\t\t\t<div class=\"elementor-widget-wrap elementor-element-populated\">\n\t\t\t\t\t\t<div class=\"elementor-element elementor-element-780758a1 elementor-widget elementor-widget-heading\" data-id=\"780758a1\" data-element_type=\"widget\" data-widget_type=\"heading.default\">\n\t\t\t\t<div class=\"elementor-widget-container\">\n\t\t\t\t\t<h4 class=\"elementor-heading-title elementor-size-large\"><i>Tecno<\/i> <i>inform\u00e1tica<\/i><\/h4>\t\t\t\t<\/div>\n\t\t\t\t<\/div>\n\t\t\t\t<div class=\"elementor-element elementor-element-4b81855b elementor-widget elementor-widget-text-editor\" data-id=\"4b81855b\" data-element_type=\"widget\" data-widget_type=\"text-editor.default\">\n\t\t\t\t<div class=\"elementor-widget-container\">\n\t\t\t\t\t\t\t\t\t<div id=\"Content\"><div class=\"boxed\"><div id=\"lipsum\"><p dir=\"ltr\" style=\"line-height: 1.38; margin-top: 0pt; margin-bottom: 0pt;\"><span style=\"font-size: 11pt; font-family: Arial; color: #000000; background-color: transparent; font-weight: 400; font-style: normal; font-variant: normal; text-decoration: none; vertical-align: baseline; white-space: pre-wrap;\">Se creo por J\u00f3venes emprendedores en el campo de la Computaci\u00f3n en el a\u00f1o 2001, con el objetivo de brindar soluciones integrales de nuevas tecnolog\u00edas en la Ciencia de Inform\u00e1tica y Computaci\u00f3n. El compromiso profesional, \u00e9tico, responsable\u00a0 en la mejora continua de sus integrantes ofreciendo la Mejor Soluci\u00f3n en Infraestructura para las Empresas y sus usuarios del mercado Ecuatoriano afrontando los cambios\u00a0 y avances constantes de la tecnolog\u00eda junto a los fabricantes de las mejores marcas\u00a0 reconocidas mundialmente.<\/span><\/p><\/div><\/div><\/div>\t\t\t\t\t\t\t\t<\/div>\n\t\t\t\t<\/div>\n\t\t\t\t\t<\/div>\n\t\t<\/div>\n\t\t\t\t\t<\/div>\n\t\t<\/section>\n\t\t\t\t\t<\/div>\n\t\t<\/div>\n\t\t\t\t\t<\/div>\n\t\t<\/section>\n\t\t\t\t<section class=\"elementor-section elementor-top-section elementor-element elementor-element-6dab2335 elementor-section-content-middle elementor-section-boxed elementor-section-height-default elementor-section-height-default\" data-id=\"6dab2335\" data-element_type=\"section\">\n\t\t\t\t\t\t<div class=\"elementor-container elementor-column-gap-default\">\n\t\t\t\t\t<div class=\"elementor-column elementor-col-50 elementor-top-column elementor-element elementor-element-69399d5\" data-id=\"69399d5\" data-element_type=\"column\">\n\t\t\t<div class=\"elementor-widget-wrap elementor-element-populated\">\n\t\t\t\t\t\t<div class=\"elementor-element elementor-element-50c4e8e elementor-widget elementor-widget-heading\" data-id=\"50c4e8e\" data-element_type=\"widget\" data-widget_type=\"heading.default\">\n\t\t\t\t<div class=\"elementor-widget-container\">\n\t\t\t\t\t<h3 class=\"elementor-heading-title elementor-size-large\">Misi\u00f3n<\/h3>\t\t\t\t<\/div>\n\t\t\t\t<\/div>\n\t\t\t\t<div class=\"elementor-element elementor-element-2ac1679 elementor-widget elementor-widget-text-editor\" data-id=\"2ac1679\" data-element_type=\"widget\" data-widget_type=\"text-editor.default\">\n\t\t\t\t<div class=\"elementor-widget-container\">\n\t\t\t\t\t\t\t\t\t<p><span style=\"font-size: 11pt;\">Somos una Empresa que Provee los mejores productos, servicios en el Campo de la Inform\u00e1tica, Comunicaciones y Sistemas de Seguridad; haciendo uso de tecnolog\u00eda de punta, conocimiento, talento humano, valores y el manejo eficiente de residuos inform\u00e1ticos. Aplicando est\u00e1ndares de calidad asumiendo una s\u00f3lida posici\u00f3n de efectividad, competitividad y liderazgo.<\/span><\/p><\/div><\/div><\/div><\/div><\/div><\/section><\/div> <a href=\"https:\/\/tecnoinformatica-ec.com\/portal1\/?page_id=1527#more-1527\" class=\"more-link elementor-more-link\"><span aria-label=\"Sigue leyendo CON\u00d3CENOS\">(m\u00e1s&hellip;)<\/span><\/a>","protected":false},"excerpt":{"rendered":"<p>Soluciones Empresariales Llave en mano Tecno inform\u00e1tica Se creo por J\u00f3venes emprendedores en el campo de la Computaci\u00f3n en el a\u00f1o 2001, con el objetivo de brindar soluciones integrales de nuevas tecnolog\u00edas en la Ciencia de Inform\u00e1tica y Computaci\u00f3n. El compromiso profesional, \u00e9tico, responsable\u00a0 en la mejora continua de sus integrantes ofreciendo la Mejor Soluci\u00f3n<\/p>\n<div class=\"klb-readmore entry-button\"><a class=\"btn read-more\" href=\"https:\/\/tecnoinformatica-ec.com\/portal1\/?page_id=1527\">Read More<\/a><\/div>\n","protected":false},"author":2,"featured_media":1108,"parent":0,"menu_order":0,"comment_status":"closed","ping_status":"closed","template":"","meta":{"footnotes":""},"class_list":["post-1527","page","type-page","status-publish","has-post-thumbnail","hentry"],"yoast_head":"<!-- This site is optimized with the Yoast SEO plugin v26.0 - https:\/\/yoast.com\/wordpress\/plugins\/seo\/ -->\n<title>CON\u00d3CENOS - TECNOINFORMATICA<\/title>\n<meta name=\"robots\" content=\"index, follow, max-snippet:-1, max-image-preview:large, max-video-preview:-1\" \/>\n<link rel=\"canonical\" href=\"https:\/\/tecnoinformatica-ec.com\/portal1\/?page_id=1527\" \/>\n<meta property=\"og:locale\" content=\"es_ES\" \/>\n<meta property=\"og:type\" content=\"article\" \/>\n<meta property=\"og:title\" content=\"CON\u00d3CENOS - TECNOINFORMATICA\" \/>\n<meta property=\"og:description\" content=\"Soluciones Empresariales Llave en mano Tecno inform\u00e1tica Se creo por J\u00f3venes emprendedores en el campo de la Computaci\u00f3n en el a\u00f1o 2001, con el objetivo de brindar soluciones integrales de nuevas tecnolog\u00edas en la Ciencia de Inform\u00e1tica y Computaci\u00f3n. El compromiso profesional, \u00e9tico, responsable\u00a0 en la mejora continua de sus integrantes ofreciendo la Mejor Soluci\u00f3nRead More\" \/>\n<meta property=\"og:url\" content=\"https:\/\/tecnoinformatica-ec.com\/portal1\/?page_id=1527\" \/>\n<meta property=\"og:site_name\" content=\"TECNOINFORMATICA\" \/>\n<meta property=\"article:modified_time\" content=\"2022-06-02T19:37:03+00:00\" \/>\n<meta property=\"og:image\" content=\"https:\/\/tecnoinformatica-ec.com\/portal1\/wp-content\/uploads\/2019\/09\/servidore5S.png\" \/>\n\t<meta property=\"og:image:width\" content=\"1000\" \/>\n\t<meta property=\"og:image:height\" content=\"350\" \/>\n\t<meta property=\"og:image:type\" content=\"image\/png\" \/>\n<meta name=\"twitter:card\" content=\"summary_large_image\" \/>\n<meta name=\"twitter:label1\" content=\"Tiempo de lectura\" \/>\n\t<meta name=\"twitter:data1\" content=\"2 minutos\" \/>\n<script type=\"application\/ld+json\" class=\"yoast-schema-graph\">{\"@context\":\"https:\/\/schema.org\",\"@graph\":[{\"@type\":\"WebPage\",\"@id\":\"https:\/\/tecnoinformatica-ec.com\/portal1\/?page_id=1527\",\"url\":\"https:\/\/tecnoinformatica-ec.com\/portal1\/?page_id=1527\",\"name\":\"CON\u00d3CENOS - TECNOINFORMATICA\",\"isPartOf\":{\"@id\":\"https:\/\/tecnoinformatica-ec.com\/portal1\/#website\"},\"primaryImageOfPage\":{\"@id\":\"https:\/\/tecnoinformatica-ec.com\/portal1\/?page_id=1527#primaryimage\"},\"image\":{\"@id\":\"https:\/\/tecnoinformatica-ec.com\/portal1\/?page_id=1527#primaryimage\"},\"thumbnailUrl\":\"https:\/\/tecnoinformatica-ec.com\/portal1\/wp-content\/uploads\/2019\/09\/servidore5S.png\",\"datePublished\":\"2020-07-18T17:28:01+00:00\",\"dateModified\":\"2022-06-02T19:37:03+00:00\",\"breadcrumb\":{\"@id\":\"https:\/\/tecnoinformatica-ec.com\/portal1\/?page_id=1527#breadcrumb\"},\"inLanguage\":\"es\",\"potentialAction\":[{\"@type\":\"ReadAction\",\"target\":[\"https:\/\/tecnoinformatica-ec.com\/portal1\/?page_id=1527\"]}]},{\"@type\":\"ImageObject\",\"inLanguage\":\"es\",\"@id\":\"https:\/\/tecnoinformatica-ec.com\/portal1\/?page_id=1527#primaryimage\",\"url\":\"https:\/\/tecnoinformatica-ec.com\/portal1\/wp-content\/uploads\/2019\/09\/servidore5S.png\",\"contentUrl\":\"https:\/\/tecnoinformatica-ec.com\/portal1\/wp-content\/uploads\/2019\/09\/servidore5S.png\",\"width\":1000,\"height\":350},{\"@type\":\"BreadcrumbList\",\"@id\":\"https:\/\/tecnoinformatica-ec.com\/portal1\/?page_id=1527#breadcrumb\",\"itemListElement\":[{\"@type\":\"ListItem\",\"position\":1,\"name\":\"Portada\",\"item\":\"https:\/\/tecnoinformatica-ec.com\/portal1\/\"},{\"@type\":\"ListItem\",\"position\":2,\"name\":\"CON\u00d3CENOS\"}]},{\"@type\":\"WebSite\",\"@id\":\"https:\/\/tecnoinformatica-ec.com\/portal1\/#website\",\"url\":\"https:\/\/tecnoinformatica-ec.com\/portal1\/\",\"name\":\"TECNOINFORMATICA\",\"description\":\"La mejor soluci\u00f3n en Comptaci\u00f3n para usted\",\"potentialAction\":[{\"@type\":\"SearchAction\",\"target\":{\"@type\":\"EntryPoint\",\"urlTemplate\":\"https:\/\/tecnoinformatica-ec.com\/portal1\/?s={search_term_string}\"},\"query-input\":{\"@type\":\"PropertyValueSpecification\",\"valueRequired\":true,\"valueName\":\"search_term_string\"}}],\"inLanguage\":\"es\"}]}<\/script>\n<!-- \/ Yoast SEO plugin. -->","yoast_head_json":{"title":"CON\u00d3CENOS - TECNOINFORMATICA","robots":{"index":"index","follow":"follow","max-snippet":"max-snippet:-1","max-image-preview":"max-image-preview:large","max-video-preview":"max-video-preview:-1"},"canonical":"https:\/\/tecnoinformatica-ec.com\/portal1\/?page_id=1527","og_locale":"es_ES","og_type":"article","og_title":"CON\u00d3CENOS - TECNOINFORMATICA","og_description":"Soluciones Empresariales Llave en mano Tecno inform\u00e1tica Se creo por J\u00f3venes emprendedores en el campo de la Computaci\u00f3n en el a\u00f1o 2001, con el objetivo de brindar soluciones integrales de nuevas tecnolog\u00edas en la Ciencia de Inform\u00e1tica y Computaci\u00f3n. El compromiso profesional, \u00e9tico, responsable\u00a0 en la mejora continua de sus integrantes ofreciendo la Mejor Soluci\u00f3nRead More","og_url":"https:\/\/tecnoinformatica-ec.com\/portal1\/?page_id=1527","og_site_name":"TECNOINFORMATICA","article_modified_time":"2022-06-02T19:37:03+00:00","og_image":[{"width":1000,"height":350,"url":"https:\/\/tecnoinformatica-ec.com\/portal1\/wp-content\/uploads\/2019\/09\/servidore5S.png","type":"image\/png"}],"twitter_card":"summary_large_image","twitter_misc":{"Tiempo de lectura":"2 minutos"},"schema":{"@context":"https:\/\/schema.org","@graph":[{"@type":"WebPage","@id":"https:\/\/tecnoinformatica-ec.com\/portal1\/?page_id=1527","url":"https:\/\/tecnoinformatica-ec.com\/portal1\/?page_id=1527","name":"CON\u00d3CENOS - TECNOINFORMATICA","isPartOf":{"@id":"https:\/\/tecnoinformatica-ec.com\/portal1\/#website"},"primaryImageOfPage":{"@id":"https:\/\/tecnoinformatica-ec.com\/portal1\/?page_id=1527#primaryimage"},"image":{"@id":"https:\/\/tecnoinformatica-ec.com\/portal1\/?page_id=1527#primaryimage"},"thumbnailUrl":"https:\/\/tecnoinformatica-ec.com\/portal1\/wp-content\/uploads\/2019\/09\/servidore5S.png","datePublished":"2020-07-18T17:28:01+00:00","dateModified":"2022-06-02T19:37:03+00:00","breadcrumb":{"@id":"https:\/\/tecnoinformatica-ec.com\/portal1\/?page_id=1527#breadcrumb"},"inLanguage":"es","potentialAction":[{"@type":"ReadAction","target":["https:\/\/tecnoinformatica-ec.com\/portal1\/?page_id=1527"]}]},{"@type":"ImageObject","inLanguage":"es","@id":"https:\/\/tecnoinformatica-ec.com\/portal1\/?page_id=1527#primaryimage","url":"https:\/\/tecnoinformatica-ec.com\/portal1\/wp-content\/uploads\/2019\/09\/servidore5S.png","contentUrl":"https:\/\/tecnoinformatica-ec.com\/portal1\/wp-content\/uploads\/2019\/09\/servidore5S.png","width":1000,"height":350},{"@type":"BreadcrumbList","@id":"https:\/\/tecnoinformatica-ec.com\/portal1\/?page_id=1527#breadcrumb","itemListElement":[{"@type":"ListItem","position":1,"name":"Portada","item":"https:\/\/tecnoinformatica-ec.com\/portal1\/"},{"@type":"ListItem","position":2,"name":"CON\u00d3CENOS"}]},{"@type":"WebSite","@id":"https:\/\/tecnoinformatica-ec.com\/portal1\/#website","url":"https:\/\/tecnoinformatica-ec.com\/portal1\/","name":"TECNOINFORMATICA","description":"La mejor soluci\u00f3n en Comptaci\u00f3n para usted","potentialAction":[{"@type":"SearchAction","target":{"@type":"EntryPoint","urlTemplate":"https:\/\/tecnoinformatica-ec.com\/portal1\/?s={search_term_string}"},"query-input":{"@type":"PropertyValueSpecification","valueRequired":true,"valueName":"search_term_string"}}],"inLanguage":"es"}]}},"_links":{"self":[{"href":"https:\/\/tecnoinformatica-ec.com\/portal1\/index.php?rest_route=\/wp\/v2\/pages\/1527","targetHints":{"allow":["GET"]}}],"collection":[{"href":"https:\/\/tecnoinformatica-ec.com\/portal1\/index.php?rest_route=\/wp\/v2\/pages"}],"about":[{"href":"https:\/\/tecnoinformatica-ec.com\/portal1\/index.php?rest_route=\/wp\/v2\/types\/page"}],"author":[{"embeddable":true,"href":"https:\/\/tecnoinformatica-ec.com\/portal1\/index.php?rest_route=\/wp\/v2\/users\/2"}],"replies":[{"embeddable":true,"href":"https:\/\/tecnoinformatica-ec.com\/portal1\/index.php?rest_route=%2Fwp%2Fv2%2Fcomments&post=1527"}],"version-history":[{"count":25,"href":"https:\/\/tecnoinformatica-ec.com\/portal1\/index.php?rest_route=\/wp\/v2\/pages\/1527\/revisions"}],"predecessor-version":[{"id":3803,"href":"https:\/\/tecnoinformatica-ec.com\/portal1\/index.php?rest_route=\/wp\/v2\/pages\/1527\/revisions\/3803"}],"wp:featuredmedia":[{"embeddable":true,"href":"https:\/\/tecnoinformatica-ec.com\/portal1\/index.php?rest_route=\/wp\/v2\/media\/1108"}],"wp:attachment":[{"href":"https:\/\/tecnoinformatica-ec.com\/portal1\/index.php?rest_route=%2Fwp%2Fv2%2Fmedia&parent=1527"}],"curies":[{"name":"wp","href":"https:\/\/api.w.org\/{rel}","templated":true}]}}