{"id":2,"date":"2019-09-19T21:48:16","date_gmt":"2019-09-20T02:48:16","guid":{"rendered":"http:\/\/tecnoinformatica-ec.com\/portal1\/?page_id=2"},"modified":"2022-05-29T00:06:47","modified_gmt":"2022-05-29T05:06:47","slug":"terminos-condiciones","status":"publish","type":"page","link":"https:\/\/tecnoinformatica-ec.com\/portal1\/?page_id=2","title":{"rendered":"T\u00e9rminos y Condiciones"},"content":{"rendered":"\t\t<div data-elementor-type=\"wp-page\" data-elementor-id=\"2\" class=\"elementor elementor-2\">\n\t\t\t\t\t\t<section class=\"elementor-section elementor-top-section elementor-element elementor-element-3a041e88 elementor-section-boxed elementor-section-height-default elementor-section-height-default\" data-id=\"3a041e88\" data-element_type=\"section\">\n\t\t\t\t\t\t<div class=\"elementor-container elementor-column-gap-default\">\n\t\t\t\t\t<div class=\"elementor-column elementor-col-100 elementor-top-column elementor-element elementor-element-3ec2b775\" data-id=\"3ec2b775\" data-element_type=\"column\">\n\t\t\t<div class=\"elementor-widget-wrap elementor-element-populated\">\n\t\t\t\t\t\t<div class=\"elementor-element elementor-element-2dd71816 elementor-widget elementor-widget-text-editor\" data-id=\"2dd71816\" data-element_type=\"widget\" data-widget_type=\"text-editor.default\">\n\t\t\t\t<div class=\"elementor-widget-container\">\n\t\t\t\t\t\t\t\t\t<p><\/p>\n<p style=\"text-align: center;line-height: 11.25pt;background: white;margin: 0cm 0cm 12.0pt 0cm\" align=\"center\"><strong><span style=\"font-size: 10.0pt;font-family: Aharoni;color: #2f5597;font-weight: normal\">CONDICIONES DE EMISI\u00d3N DE PEDIDOS ELECTR\u00d3NICOS<\/span><\/strong><b><\/b><\/p>\n<p style=\"text-align: justify;background: white;margin: 0cm 0cm 12.0pt 0cm\"><span style=\"font-family: 'Agency FB',sans-serif;color: #5d5650\">1. Al realizar un pedido utilizando esta p\u00e1gina web o las otras soluciones de comercio electr\u00f3nico de Tecno Inform\u00e1tica EC el cliente acepta expresamente la aplicaci\u00f3n de estas condiciones generales a las transacciones realizadas utilizando este medio. El programa permite que el cliente pueda consultar los precios de Tecno Inform\u00e1tica EC, las existencias de productos y la emisi\u00f3n de pedidos por medios electr\u00f3nicos. restringido mediante la definici\u00f3n que hace el cliente de la utilizaci\u00f3n del mismo que puedan hacer los usuarios autorizados.<\/span><\/p>\n<p style=\"text-align: justify;background: white;margin: 0cm 0cm 12.0pt 0cm\"><span style=\"font-family: 'Agency FB',sans-serif;color: #5d5650\">2. El cliente manifiesta que la persona que utiliza el programa en su nombre es un usuario autorizado por \u00e9l mismo y tiene capacidad para emitir pedidos de productos y servicios de Tecno Inform\u00e1tica EC en nombre o por cuenta del cliente. La seguridad de la clave de acceso (password) del programa es responsabilidad del cliente, quien debe asegurarse de que cada usuario autorizado utiliza su propia clave de acceso, la cual ser\u00e1 emitida por Tecno Inform\u00e1tica EC previa petici\u00f3n del cliente a tal fin.<\/span><\/p>\n<p style=\"text-align: justify;background: white;margin: 0cm 0cm 12.0pt 0cm\"><span style=\"font-family: 'Agency FB',sans-serif;color: #5d5650\">3. Al emitir un pedido, el cliente puede utilizar conjunta o individualmente una combinaci\u00f3n de nombre de cuenta, n\u00famero de cuenta y otras formas de identificaci\u00f3n incluyendo una clave de acceso (password) u otro c\u00f3digo de acceso facilitado al cliente (conjunta o individualmente designados como &#8220;claves de acceso y\/o identificaci\u00f3n del Cliente&#8221;).<\/span><\/p>\n<p style=\"text-align: justify;background: white;margin: 0cm 0cm 12.0pt 0cm\"><span style=\"font-family: 'Agency FB',sans-serif;color: #5d5650\">4. Es obligaci\u00f3n del cliente mantener la confidencialidad de su\/s clave\/s de identificaci\u00f3n. El cliente informar\u00e1 inmediatamente a Tecno Inform\u00e1tica EC si se produce la p\u00e9rdida o extrav\u00edo de la\/s clave\/s o en caso de abuso o tentativa de abuso de la\/s clave\/s del cliente o de otro tipo de identificaci\u00f3n del cliente.<\/span><\/p>\n<p style=\"text-align: justify;background: white;margin: 0cm 0cm 12.0pt 0cm\"><span style=\"font-family: 'Agency FB',sans-serif;color: #5d5650\">5. El cliente es el \u00fanico responsable del uso de la\/s clave\/s de acceso o identificaci\u00f3n. Asimismo, es responsable de mantener la\/s misma\/s en lugar seguro y establecer los procedimientos necesarios para que pueda\/n ser utilizada\/s \u00fanicamente por los usuarios autorizados para aquellos usos a los que est\u00e9n autorizados. El cliente ser\u00e1 responsable del uso de la\/s clave\/s que pueda realizar cualquier empleado, representante, dependiente, apoderado del cliente o persona que haya recibido la\/s misma\/s por indicaci\u00f3n del cliente, aunque ya no ostente tal cualidad. El cliente ser\u00e1 responsable de informar puntualmente de cualesquiera cambios se produzcan en relaci\u00f3n con los usuarios autorizados designados por \u00e9l.<\/span><\/p>\n<p style=\"text-align: justify;background: white;margin: 0cm 0cm 12.0pt 0cm\"><span style=\"font-family: 'Agency FB',sans-serif;color: #5d5650\">6. Como consecuencia de lo anterior el cliente acepta que Tecno Inform\u00e1tica EC le pueda adeudar el importe de transacciones correspondientes a pedidos emitidos en los que se haya\/n utilizado la\/s clave\/s del cliente como si hubiera sido el propio cliente quien hubiera utilizado la\/s clave\/s, procediendo al pago del\/os mencionado\/s importe\/s sin objeci\u00f3n alguna.<\/span><\/p>\n<p style=\"text-align: justify;background: white;margin: 0cm 0cm 12.0pt 0cm\"><span style=\"font-family: 'Agency FB',sans-serif;color: #5d5650\">7. El cliente acepta que cualquier pedido emitido a trav\u00e9s del programa de comercio electr\u00f3nico u otro medio electr\u00f3nico en los que sea necesaria la utilizaci\u00f3n de la\/s clave\/s es un pedido v\u00e1lido y vinculante para el cliente, y, en evitaci\u00f3n de cualquier tipo de duda, tendr\u00e1 para ambas partes un valor equivalente al de un pedido realizado por escrito.<\/span><\/p>\n<p style=\"text-align: justify;background: white;margin: 0cm 0cm 12.0pt 0cm\"><span style=\"font-family: 'Agency FB',sans-serif;color: #5d5650\">8. El cliente reconoce que Tecno Inform\u00e1tica EC no puede garantizar la seguridad de internet y que existe la posibilidad de que se intercepten o manipulen datos o informaci\u00f3n transmitida por el cliente a Tecno Inform\u00e1tica EC, que sin embargo, tendr\u00e1 derecho a considerar como veraces la informaci\u00f3n recibida del cliente en la forma en que se reciba en el domicilio de Tecno Inform\u00e1tica EC.<\/span><\/p>\n<p style=\"text-align: justify;background: white;margin: 0cm 0cm 12.0pt 0cm\"><span style=\"font-family: 'Agency FB',sans-serif;color: #5d5650\">9. El cliente tendr\u00e1 el derecho de cambiar, a\u00f1adir o excluir usuarios autorizados mediante notificaci\u00f3n por escrito, con acuse de recibo, a Tecno Inform\u00e1tica EC. Tecno Inform\u00e1tica EC proceder\u00e1 a realizar los cambios, adiciones o exclusiones solicitados dentro de las 24 horas siguientes al recibo de la solicitud escrita a tal fin.<\/span><\/p>\n<p style=\"text-align: justify;background: white;margin: 0cm 0cm 12.0pt 0cm\"><span style=\"font-family: 'Agency FB',sans-serif;color: #5d5650\">10. Tecno Inform\u00e1tica EC puede en cualquier momento modificar estas condiciones generales. El cliente podr\u00e1 proceder a denunciar el contrato y cesar en el uso del acceso al programa mediante preaviso escrito con 2 semanas de antelaci\u00f3n. Si en el plazo mencionado no se hubiera recibido notificaci\u00f3n alguna Tecno Inform\u00e1tica EC entender\u00e1 que el cliente ha aceptado las modificaciones.<\/span><\/p>\n<p style=\"text-align: justify;background: white;margin: 0cm 0cm 12.0pt 0cm\"><span style=\"font-family: 'Agency FB',sans-serif;color: #5d5650\">11. Tecno Inform\u00e1tica EC y el cliente podr\u00e1n dar por terminado el contrato en cualquier momento y por cualquier raz\u00f3n con un preaviso de 15 d\u00edas. Tecno Inform\u00e1tica EC tendr\u00e1 el derecho de dar por finalizado el contrato y denegar el acceso con efecto inmediato si el cliente incumple alguna de las presentes condiciones generales. Tecno Inform\u00e1tica EC puede tambi\u00e9n finalizar el acceso del cliente al programa y anular la\/s clave\/s de identificaci\u00f3n y\/o acceso si el cliente no ha efectuado ning\u00fan pedido utilizando dicha\/s clave\/s durante un periodo de 30 d\u00edas consecutivos.<\/span><\/p>\n<p style=\"text-align: justify;background: white;margin: 0cm 0cm 12.0pt 0cm\"><span style=\"font-family: 'Agency FB',sans-serif;color: #5d5650\">12. Tecno Inform\u00e1tica EC se reserva el derecho a aceptar o rechazar cualquier pedido de compra remitido a trav\u00e9s del programa.<\/span><\/p>\n<p style=\"text-align: justify;background: white;margin: 0cm 0cm 12.0pt 0cm\"><span style=\"font-family: 'Agency FB',sans-serif;color: #5d5650\">13. El cliente acepta que la \u00fanica documentaci\u00f3n facilitada por Tecno Inform\u00e1tica EC en relaci\u00f3n con la compra y forma de pago de los servicios adquiridos a trav\u00e9s del programa de comercio electr\u00f3nico sea una factura comercial.<\/span><\/p>\n<p style=\"text-align: justify;background: white;margin: 0cm 0cm 12.0pt 0cm\"><span style=\"font-family: 'Agency FB',sans-serif;color: #5d5650\">14. Las Condiciones de Ventas de Tecno Inform\u00e1tica EC (descritas anteriormente en este mismo documento) ser\u00e1n de aplicaci\u00f3n a todos y cada uno de los pedidos cursados a trav\u00e9s del programa de comercio electr\u00f3nico, a menos que entre Tecno Inform\u00e1tica EC y el cliente se hayan establecido de com\u00fan acuerdo condiciones particulares relativa a la compra o licencia de uso de los productos adquiridos (&#8220;contrato de compra&#8221;), en cuyo caso las condiciones de dicho contrato de compra concreto ser\u00e1n de aplicaci\u00f3n a la compra y licencia de uso de los productos comprados a trav\u00e9s del programa de comercio electr\u00f3nico en ese caso concreto.<\/span><\/p>\n<p style=\"text-align: justify;background: white;margin: 0cm 0cm 12.0pt 0cm\"><span style=\"font-family: 'Agency FB',sans-serif;color: #5d5650\">15. Ambas partes acuerdan que Tecno Inform\u00e1tica EC no ser\u00e1 responsable de ning\u00fan tipo de da\u00f1o accesorio, directo, indirecto, emergente o especial que se produzca con motivo o como consecuencia de la transmisi\u00f3n electr\u00f3nica de pedidos o de otra informaci\u00f3n incluso si Tecno Inform\u00e1tica EC fue informado de la posibilidad de que tales da\u00f1os pudieran producirse.<\/span><\/p>\n<p style=\"text-align: justify;background: white;margin: 0cm 0cm 12.0pt 0cm\"><span style=\"font-family: 'Agency FB',sans-serif;color: #5d5650\">16. El cliente renuncia a cualquier oposici\u00f3n presente o futura a la validez y ejecutabilidad de cualquier pedido emitido utilizando el programa de comercio electr\u00f3nico alegando que dicho pedido fue emitido y autorizado por medios electr\u00f3nicos.<\/span><\/p>\n<p style=\"text-align: justify;background: white;margin: 0cm 0cm 12.0pt 0cm\"><span style=\"font-family: 'Agency FB',sans-serif;color: #5d5650\">17. El cliente es responsable de todos los gastos y costes de utilizaci\u00f3n del programa, incluyendo sin car\u00e1cter exhaustivo, los gastos de consumo y conexi\u00f3n telef\u00f3nica, equipo de telecomunicaciones, etc.<\/span><\/p>\n<p>\u00a0<\/p>\n<p style=\"text-align: justify;background: white;margin: 0cm 0cm 12.0pt 0cm\"><span style=\"font-family: 'Agency FB',sans-serif;color: #5d5650\">18. La validez, interpretaci\u00f3n y cumplimiento de estas condiciones generales se regir\u00e1 por las leyes del pa\u00eds en que Tecno Inform\u00e1tica EC acepte el pedido, aceptando el cliente la jurisdicci\u00f3n exclusiva de los tribunales de dicho pa\u00eds, restando a salvo el derecho de Tecno Inform\u00e1tica EC a iniciar acciones legales contra el cliente ante cualquier otro tribunal que sea competente en materia de recobro de deudas pendientes del cliente.<\/span><\/p>\n<p><\/p>\n<p><\/p>\n<blockquote class=\"is-layout-flow wp-block-quote-is-layout-flow\">\n<p>Toda Venta es de car\u00e1ter definitiva, por favor realizar todas las preguntas e inquietudes a cerca del producto su garant\u00eda y pagos..<\/p>\n<\/blockquote>\n<p><\/p>\n<p><\/p>\n<p>.<span style=\"font-size: 1.2em;text-align: inherit\">Nuestros Productos son Nuevos y tienen garant\u00eda aplicando directamente en nuestro laboratorio t\u00e9cnico previo registro cumpliendo todos los requisitos para su ingreso y proceso directamente con los fabricantes pudiendo esto realizar el Cliente directamente.<\/span><\/p>\n<p><\/p>\n<p><\/p>\n<blockquote class=\"is-layout-flow wp-block-quote-is-layout-flow\">\n<p>La Mejor soluci\u00f3n en Computaci\u00f3n somos Nosotros<\/p>\n<\/blockquote>\n<p><\/p>\n<p><\/p>\n<p>\u00a0<\/p>\n<p><\/p>\t\t\t\t\t\t\t\t<\/div>\n\t\t\t\t<\/div>\n\t\t\t\t\t<\/div>\n\t\t<\/div>\n\t\t\t\t\t<\/div>\n\t\t<\/section>\n\t\t\t\t<\/div>\n\t\t","protected":false},"excerpt":{"rendered":"<p>CONDICIONES DE EMISI\u00d3N DE PEDIDOS ELECTR\u00d3NICOS 1. Al realizar un pedido utilizando esta p\u00e1gina web o las otras soluciones de comercio electr\u00f3nico de Tecno Inform\u00e1tica EC el cliente acepta expresamente la aplicaci\u00f3n de estas condiciones generales a las transacciones realizadas utilizando este medio. El programa permite que el cliente pueda consultar los precios de Tecno<\/p>\n<div class=\"klb-readmore entry-button\"><a class=\"btn read-more\" href=\"https:\/\/tecnoinformatica-ec.com\/portal1\/?page_id=2\">Read More<\/a><\/div>\n","protected":false},"author":1,"featured_media":0,"parent":0,"menu_order":0,"comment_status":"closed","ping_status":"closed","template":"","meta":{"footnotes":""},"class_list":["post-2","page","type-page","status-publish","hentry"],"yoast_head":"<!-- This site is optimized with the Yoast SEO plugin v26.0 - https:\/\/yoast.com\/wordpress\/plugins\/seo\/ -->\n<title>T\u00e9rminos y Condiciones - TECNOINFORMATICA<\/title>\n<meta name=\"robots\" content=\"index, follow, max-snippet:-1, max-image-preview:large, max-video-preview:-1\" \/>\n<link rel=\"canonical\" href=\"https:\/\/tecnoinformatica-ec.com\/portal1\/?page_id=2\" \/>\n<meta property=\"og:locale\" content=\"es_ES\" \/>\n<meta property=\"og:type\" content=\"article\" \/>\n<meta property=\"og:title\" content=\"T\u00e9rminos y Condiciones - TECNOINFORMATICA\" \/>\n<meta property=\"og:description\" content=\"CONDICIONES DE EMISI\u00d3N DE PEDIDOS ELECTR\u00d3NICOS 1. Al realizar un pedido utilizando esta p\u00e1gina web o las otras soluciones de comercio electr\u00f3nico de Tecno Inform\u00e1tica EC el cliente acepta expresamente la aplicaci\u00f3n de estas condiciones generales a las transacciones realizadas utilizando este medio. El programa permite que el cliente pueda consultar los precios de TecnoRead More\" \/>\n<meta property=\"og:url\" content=\"https:\/\/tecnoinformatica-ec.com\/portal1\/?page_id=2\" \/>\n<meta property=\"og:site_name\" content=\"TECNOINFORMATICA\" \/>\n<meta property=\"article:modified_time\" content=\"2022-05-29T05:06:47+00:00\" \/>\n<meta name=\"twitter:card\" content=\"summary_large_image\" \/>\n<meta name=\"twitter:label1\" content=\"Tiempo de lectura\" \/>\n\t<meta name=\"twitter:data1\" content=\"6 minutos\" \/>\n<script type=\"application\/ld+json\" class=\"yoast-schema-graph\">{\"@context\":\"https:\/\/schema.org\",\"@graph\":[{\"@type\":\"WebPage\",\"@id\":\"https:\/\/tecnoinformatica-ec.com\/portal1\/?page_id=2\",\"url\":\"https:\/\/tecnoinformatica-ec.com\/portal1\/?page_id=2\",\"name\":\"T\u00e9rminos y Condiciones - TECNOINFORMATICA\",\"isPartOf\":{\"@id\":\"https:\/\/tecnoinformatica-ec.com\/portal1\/#website\"},\"datePublished\":\"2019-09-20T02:48:16+00:00\",\"dateModified\":\"2022-05-29T05:06:47+00:00\",\"breadcrumb\":{\"@id\":\"https:\/\/tecnoinformatica-ec.com\/portal1\/?page_id=2#breadcrumb\"},\"inLanguage\":\"es\",\"potentialAction\":[{\"@type\":\"ReadAction\",\"target\":[\"https:\/\/tecnoinformatica-ec.com\/portal1\/?page_id=2\"]}]},{\"@type\":\"BreadcrumbList\",\"@id\":\"https:\/\/tecnoinformatica-ec.com\/portal1\/?page_id=2#breadcrumb\",\"itemListElement\":[{\"@type\":\"ListItem\",\"position\":1,\"name\":\"Portada\",\"item\":\"https:\/\/tecnoinformatica-ec.com\/portal1\/\"},{\"@type\":\"ListItem\",\"position\":2,\"name\":\"T\u00e9rminos y Condiciones\"}]},{\"@type\":\"WebSite\",\"@id\":\"https:\/\/tecnoinformatica-ec.com\/portal1\/#website\",\"url\":\"https:\/\/tecnoinformatica-ec.com\/portal1\/\",\"name\":\"TECNOINFORMATICA\",\"description\":\"La mejor soluci\u00f3n en Comptaci\u00f3n para usted\",\"potentialAction\":[{\"@type\":\"SearchAction\",\"target\":{\"@type\":\"EntryPoint\",\"urlTemplate\":\"https:\/\/tecnoinformatica-ec.com\/portal1\/?s={search_term_string}\"},\"query-input\":{\"@type\":\"PropertyValueSpecification\",\"valueRequired\":true,\"valueName\":\"search_term_string\"}}],\"inLanguage\":\"es\"}]}<\/script>\n<!-- \/ Yoast SEO plugin. -->","yoast_head_json":{"title":"T\u00e9rminos y Condiciones - TECNOINFORMATICA","robots":{"index":"index","follow":"follow","max-snippet":"max-snippet:-1","max-image-preview":"max-image-preview:large","max-video-preview":"max-video-preview:-1"},"canonical":"https:\/\/tecnoinformatica-ec.com\/portal1\/?page_id=2","og_locale":"es_ES","og_type":"article","og_title":"T\u00e9rminos y Condiciones - TECNOINFORMATICA","og_description":"CONDICIONES DE EMISI\u00d3N DE PEDIDOS ELECTR\u00d3NICOS 1. Al realizar un pedido utilizando esta p\u00e1gina web o las otras soluciones de comercio electr\u00f3nico de Tecno Inform\u00e1tica EC el cliente acepta expresamente la aplicaci\u00f3n de estas condiciones generales a las transacciones realizadas utilizando este medio. El programa permite que el cliente pueda consultar los precios de TecnoRead More","og_url":"https:\/\/tecnoinformatica-ec.com\/portal1\/?page_id=2","og_site_name":"TECNOINFORMATICA","article_modified_time":"2022-05-29T05:06:47+00:00","twitter_card":"summary_large_image","twitter_misc":{"Tiempo de lectura":"6 minutos"},"schema":{"@context":"https:\/\/schema.org","@graph":[{"@type":"WebPage","@id":"https:\/\/tecnoinformatica-ec.com\/portal1\/?page_id=2","url":"https:\/\/tecnoinformatica-ec.com\/portal1\/?page_id=2","name":"T\u00e9rminos y Condiciones - TECNOINFORMATICA","isPartOf":{"@id":"https:\/\/tecnoinformatica-ec.com\/portal1\/#website"},"datePublished":"2019-09-20T02:48:16+00:00","dateModified":"2022-05-29T05:06:47+00:00","breadcrumb":{"@id":"https:\/\/tecnoinformatica-ec.com\/portal1\/?page_id=2#breadcrumb"},"inLanguage":"es","potentialAction":[{"@type":"ReadAction","target":["https:\/\/tecnoinformatica-ec.com\/portal1\/?page_id=2"]}]},{"@type":"BreadcrumbList","@id":"https:\/\/tecnoinformatica-ec.com\/portal1\/?page_id=2#breadcrumb","itemListElement":[{"@type":"ListItem","position":1,"name":"Portada","item":"https:\/\/tecnoinformatica-ec.com\/portal1\/"},{"@type":"ListItem","position":2,"name":"T\u00e9rminos y Condiciones"}]},{"@type":"WebSite","@id":"https:\/\/tecnoinformatica-ec.com\/portal1\/#website","url":"https:\/\/tecnoinformatica-ec.com\/portal1\/","name":"TECNOINFORMATICA","description":"La mejor soluci\u00f3n en Comptaci\u00f3n para usted","potentialAction":[{"@type":"SearchAction","target":{"@type":"EntryPoint","urlTemplate":"https:\/\/tecnoinformatica-ec.com\/portal1\/?s={search_term_string}"},"query-input":{"@type":"PropertyValueSpecification","valueRequired":true,"valueName":"search_term_string"}}],"inLanguage":"es"}]}},"_links":{"self":[{"href":"https:\/\/tecnoinformatica-ec.com\/portal1\/index.php?rest_route=\/wp\/v2\/pages\/2","targetHints":{"allow":["GET"]}}],"collection":[{"href":"https:\/\/tecnoinformatica-ec.com\/portal1\/index.php?rest_route=\/wp\/v2\/pages"}],"about":[{"href":"https:\/\/tecnoinformatica-ec.com\/portal1\/index.php?rest_route=\/wp\/v2\/types\/page"}],"author":[{"embeddable":true,"href":"https:\/\/tecnoinformatica-ec.com\/portal1\/index.php?rest_route=\/wp\/v2\/users\/1"}],"replies":[{"embeddable":true,"href":"https:\/\/tecnoinformatica-ec.com\/portal1\/index.php?rest_route=%2Fwp%2Fv2%2Fcomments&post=2"}],"version-history":[{"count":5,"href":"https:\/\/tecnoinformatica-ec.com\/portal1\/index.php?rest_route=\/wp\/v2\/pages\/2\/revisions"}],"predecessor-version":[{"id":1706,"href":"https:\/\/tecnoinformatica-ec.com\/portal1\/index.php?rest_route=\/wp\/v2\/pages\/2\/revisions\/1706"}],"wp:attachment":[{"href":"https:\/\/tecnoinformatica-ec.com\/portal1\/index.php?rest_route=%2Fwp%2Fv2%2Fmedia&parent=2"}],"curies":[{"name":"wp","href":"https:\/\/api.w.org\/{rel}","templated":true}]}}