{"id":383,"date":"2019-10-21T17:34:34","date_gmt":"2019-10-21T17:34:34","guid":{"rendered":"http:\/\/tecnoinformatica-ec.com\/portal1\/?page_id=383"},"modified":"2024-10-01T16:20:25","modified_gmt":"2024-10-01T21:20:25","slug":"contacto-2","status":"publish","type":"page","link":"https:\/\/tecnoinformatica-ec.com\/portal1\/?page_id=383","title":{"rendered":"CONTACTOS"},"content":{"rendered":"<h2>INFORMACI\u00d3N y CONTACTOS<\/h2>\n<p>Quito &#8211; Ecuador<\/p>\n<h4>Matriz<\/h4>\n<p>Y\u00e1nez Pinz\u00f3n N25-70 y Av. Colon<\/p>\n<p>02 2904161 \u2022 09 95651715<\/p>\n<p>sistemas@tecnoinformatica-ec.com<\/p>\n<h3>Horario de Atenci\u00f3n<\/h3>\n<ul>\n<li>Lunes a Viernes de 9:00 a 17:00<\/li>\n<li>Informaci\u00f3n y Contactos en linea<\/li>\n<\/ul>\n<p>SOPORTE T\u00c9CNICO 24&#215;7<\/p>\n<p><iframe frameborder=\"0\" scrolling=\"no\" marginheight=\"0\" marginwidth=\"0\" src=\"https:\/\/maps.google.com\/maps?q=Cristobal%20Colon%20y%20Yanez%20Pinzon&amp;t=m&amp;z=16&amp;output=embed&amp;iwloc=near\" title=\"Cristobal Colon y Yanez Pinzon\" aria-label=\"Cristobal Colon y Yanez Pinzon\"><\/iframe><\/p>\n","protected":false},"excerpt":{"rendered":"<p>INFORMACI\u00d3N y CONTACTOS Quito &#8211; Ecuador Matriz Y\u00e1nez Pinz\u00f3n N25-70 y Av. Colon 02 2904161 \u2022 09 95651715 sistemas@tecnoinformatica-ec.com Horario de Atenci\u00f3n Lunes a Viernes de 9:00 a 17:00 Informaci\u00f3n y Contactos en linea SOPORTE T\u00c9CNICO 24&#215;7<\/p>\n","protected":false},"author":1,"featured_media":0,"parent":0,"menu_order":0,"comment_status":"closed","ping_status":"closed","template":"elementor_header_footer","meta":{"footnotes":""},"class_list":["post-383","page","type-page","status-publish","hentry"],"yoast_head":"<!-- This site is optimized with the Yoast SEO plugin v26.0 - https:\/\/yoast.com\/wordpress\/plugins\/seo\/ -->\n<title>CONTACTOS - TECNOINFORMATICA<\/title>\n<meta name=\"robots\" content=\"index, follow, max-snippet:-1, max-image-preview:large, max-video-preview:-1\" \/>\n<link rel=\"canonical\" href=\"https:\/\/tecnoinformatica-ec.com\/portal1\/?page_id=383\" \/>\n<meta property=\"og:locale\" content=\"es_ES\" \/>\n<meta property=\"og:type\" content=\"article\" \/>\n<meta property=\"og:title\" content=\"CONTACTOS - TECNOINFORMATICA\" \/>\n<meta property=\"og:description\" content=\"INFORMACI\u00d3N y CONTACTOS Quito &#8211; Ecuador Matriz Y\u00e1nez Pinz\u00f3n N25-70 y Av. Colon 02 2904161 \u2022 09 95651715 sistemas@tecnoinformatica-ec.com Horario de Atenci\u00f3n Lunes a Viernes de 9:00 a 17:00 Informaci\u00f3n y Contactos en linea SOPORTE T\u00c9CNICO 24&#215;7\" \/>\n<meta property=\"og:url\" content=\"https:\/\/tecnoinformatica-ec.com\/portal1\/?page_id=383\" \/>\n<meta property=\"og:site_name\" content=\"TECNOINFORMATICA\" \/>\n<meta property=\"article:modified_time\" content=\"2024-10-01T21:20:25+00:00\" \/>\n<meta name=\"twitter:card\" content=\"summary_large_image\" \/>\n<meta name=\"twitter:label1\" content=\"Tiempo de lectura\" \/>\n\t<meta name=\"twitter:data1\" content=\"1 minuto\" \/>\n<script type=\"application\/ld+json\" class=\"yoast-schema-graph\">{\"@context\":\"https:\/\/schema.org\",\"@graph\":[{\"@type\":\"WebPage\",\"@id\":\"https:\/\/tecnoinformatica-ec.com\/portal1\/?page_id=383\",\"url\":\"https:\/\/tecnoinformatica-ec.com\/portal1\/?page_id=383\",\"name\":\"CONTACTOS - TECNOINFORMATICA\",\"isPartOf\":{\"@id\":\"https:\/\/tecnoinformatica-ec.com\/portal1\/#website\"},\"datePublished\":\"2019-10-21T17:34:34+00:00\",\"dateModified\":\"2024-10-01T21:20:25+00:00\",\"breadcrumb\":{\"@id\":\"https:\/\/tecnoinformatica-ec.com\/portal1\/?page_id=383#breadcrumb\"},\"inLanguage\":\"es\",\"potentialAction\":[{\"@type\":\"ReadAction\",\"target\":[\"https:\/\/tecnoinformatica-ec.com\/portal1\/?page_id=383\"]}]},{\"@type\":\"BreadcrumbList\",\"@id\":\"https:\/\/tecnoinformatica-ec.com\/portal1\/?page_id=383#breadcrumb\",\"itemListElement\":[{\"@type\":\"ListItem\",\"position\":1,\"name\":\"Portada\",\"item\":\"https:\/\/tecnoinformatica-ec.com\/portal1\/\"},{\"@type\":\"ListItem\",\"position\":2,\"name\":\"CONTACTOS\"}]},{\"@type\":\"WebSite\",\"@id\":\"https:\/\/tecnoinformatica-ec.com\/portal1\/#website\",\"url\":\"https:\/\/tecnoinformatica-ec.com\/portal1\/\",\"name\":\"TECNOINFORMATICA\",\"description\":\"La mejor soluci\u00f3n en Comptaci\u00f3n para usted\",\"potentialAction\":[{\"@type\":\"SearchAction\",\"target\":{\"@type\":\"EntryPoint\",\"urlTemplate\":\"https:\/\/tecnoinformatica-ec.com\/portal1\/?s={search_term_string}\"},\"query-input\":{\"@type\":\"PropertyValueSpecification\",\"valueRequired\":true,\"valueName\":\"search_term_string\"}}],\"inLanguage\":\"es\"}]}<\/script>\n<!-- \/ Yoast SEO plugin. -->","yoast_head_json":{"title":"CONTACTOS - TECNOINFORMATICA","robots":{"index":"index","follow":"follow","max-snippet":"max-snippet:-1","max-image-preview":"max-image-preview:large","max-video-preview":"max-video-preview:-1"},"canonical":"https:\/\/tecnoinformatica-ec.com\/portal1\/?page_id=383","og_locale":"es_ES","og_type":"article","og_title":"CONTACTOS - TECNOINFORMATICA","og_description":"INFORMACI\u00d3N y CONTACTOS Quito &#8211; Ecuador Matriz Y\u00e1nez Pinz\u00f3n N25-70 y Av. Colon 02 2904161 \u2022 09 95651715 sistemas@tecnoinformatica-ec.com Horario de Atenci\u00f3n Lunes a Viernes de 9:00 a 17:00 Informaci\u00f3n y Contactos en linea SOPORTE T\u00c9CNICO 24&#215;7","og_url":"https:\/\/tecnoinformatica-ec.com\/portal1\/?page_id=383","og_site_name":"TECNOINFORMATICA","article_modified_time":"2024-10-01T21:20:25+00:00","twitter_card":"summary_large_image","twitter_misc":{"Tiempo de lectura":"1 minuto"},"schema":{"@context":"https:\/\/schema.org","@graph":[{"@type":"WebPage","@id":"https:\/\/tecnoinformatica-ec.com\/portal1\/?page_id=383","url":"https:\/\/tecnoinformatica-ec.com\/portal1\/?page_id=383","name":"CONTACTOS - TECNOINFORMATICA","isPartOf":{"@id":"https:\/\/tecnoinformatica-ec.com\/portal1\/#website"},"datePublished":"2019-10-21T17:34:34+00:00","dateModified":"2024-10-01T21:20:25+00:00","breadcrumb":{"@id":"https:\/\/tecnoinformatica-ec.com\/portal1\/?page_id=383#breadcrumb"},"inLanguage":"es","potentialAction":[{"@type":"ReadAction","target":["https:\/\/tecnoinformatica-ec.com\/portal1\/?page_id=383"]}]},{"@type":"BreadcrumbList","@id":"https:\/\/tecnoinformatica-ec.com\/portal1\/?page_id=383#breadcrumb","itemListElement":[{"@type":"ListItem","position":1,"name":"Portada","item":"https:\/\/tecnoinformatica-ec.com\/portal1\/"},{"@type":"ListItem","position":2,"name":"CONTACTOS"}]},{"@type":"WebSite","@id":"https:\/\/tecnoinformatica-ec.com\/portal1\/#website","url":"https:\/\/tecnoinformatica-ec.com\/portal1\/","name":"TECNOINFORMATICA","description":"La mejor soluci\u00f3n en Comptaci\u00f3n para usted","potentialAction":[{"@type":"SearchAction","target":{"@type":"EntryPoint","urlTemplate":"https:\/\/tecnoinformatica-ec.com\/portal1\/?s={search_term_string}"},"query-input":{"@type":"PropertyValueSpecification","valueRequired":true,"valueName":"search_term_string"}}],"inLanguage":"es"}]}},"_links":{"self":[{"href":"https:\/\/tecnoinformatica-ec.com\/portal1\/index.php?rest_route=\/wp\/v2\/pages\/383","targetHints":{"allow":["GET"]}}],"collection":[{"href":"https:\/\/tecnoinformatica-ec.com\/portal1\/index.php?rest_route=\/wp\/v2\/pages"}],"about":[{"href":"https:\/\/tecnoinformatica-ec.com\/portal1\/index.php?rest_route=\/wp\/v2\/types\/page"}],"author":[{"embeddable":true,"href":"https:\/\/tecnoinformatica-ec.com\/portal1\/index.php?rest_route=\/wp\/v2\/users\/1"}],"replies":[{"embeddable":true,"href":"https:\/\/tecnoinformatica-ec.com\/portal1\/index.php?rest_route=%2Fwp%2Fv2%2Fcomments&post=383"}],"version-history":[{"count":52,"href":"https:\/\/tecnoinformatica-ec.com\/portal1\/index.php?rest_route=\/wp\/v2\/pages\/383\/revisions"}],"predecessor-version":[{"id":4557,"href":"https:\/\/tecnoinformatica-ec.com\/portal1\/index.php?rest_route=\/wp\/v2\/pages\/383\/revisions\/4557"}],"wp:attachment":[{"href":"https:\/\/tecnoinformatica-ec.com\/portal1\/index.php?rest_route=%2Fwp%2Fv2%2Fmedia&parent=383"}],"curies":[{"name":"wp","href":"https:\/\/api.w.org\/{rel}","templated":true}]}}