{"id":1574,"date":"2015-01-05T08:43:45","date_gmt":"2015-01-05T08:43:45","guid":{"rendered":"http:\/\/wordpress.magikthemes.com\/lamby\/?post_type=product&#038;p=1574"},"modified":"2022-10-21T16:38:07","modified_gmt":"2022-10-21T21:38:07","slug":"apple-watch-series-2-42-mm-space-gray","status":"publish","type":"product","link":"https:\/\/tecnoinformatica-ec.com\/portal1\/?product=apple-watch-series-2-42-mm-space-gray","title":{"rendered":"C\u00c1MARA HIKVISION CCTV THC-B310-VF"},"content":{"rendered":"<p>C\u00c1MARA HIKVISION CCTV THC-B310-VF<\/p>\n<p>Caracteristicas:<\/p>\n<ul>\n<li>\u00a0Potencia: 5.2W.<\/li>\n<li>Temperaturas de trabajo: -40\u00baC a 60\u00baC.<\/li>\n<li>Humedad admisible de trabajo: Menor e igual al 90%.<\/li>\n<\/ul>\n","protected":false},"excerpt":{"rendered":"<ul>\n<li>Dimensiones: (256.4 \u00d7 83.3 \u00d7 78.2) mm<\/li>\n<li>Alimentaci\u00f3n: 12V 1A (consume 0.43A)<\/li>\n<\/ul>\n","protected":false},"featured_media":4405,"comment_status":"open","ping_status":"closed","template":"","meta":[],"product_brand":[],"product_cat":[42,298,258],"product_tag":[],"class_list":{"0":"post-1574","1":"product","2":"type-product","3":"status-publish","4":"has-post-thumbnail","6":"product_cat-camaras","7":"product_cat-camaras-de-vigilancia","8":"product_cat-camaras-ip","10":"first","11":"instock","12":"featured","13":"taxable","14":"shipping-taxable","15":"purchasable","16":"product-type-simple"},"yoast_head":"<!-- This site is optimized with the Yoast SEO plugin v26.0 - https:\/\/yoast.com\/wordpress\/plugins\/seo\/ -->\n<title>C\u00c1MARA HIKVISION CCTV THC-B310-VF - TECNOINFORMATICA<\/title>\n<meta name=\"robots\" content=\"index, follow, max-snippet:-1, max-image-preview:large, max-video-preview:-1\" \/>\n<link rel=\"canonical\" href=\"https:\/\/tecnoinformatica-ec.com\/portal1\/?product=apple-watch-series-2-42-mm-space-gray\" \/>\n<meta property=\"og:locale\" content=\"es_ES\" \/>\n<meta property=\"og:type\" content=\"article\" \/>\n<meta property=\"og:title\" content=\"C\u00c1MARA HIKVISION CCTV THC-B310-VF - TECNOINFORMATICA\" \/>\n<meta property=\"og:description\" content=\"Dimensiones: (256.4 \u00d7 83.3 \u00d7 78.2) mm  Alimentaci\u00f3n: 12V 1A (consume 0.43A)\" \/>\n<meta property=\"og:url\" content=\"https:\/\/tecnoinformatica-ec.com\/portal1\/?product=apple-watch-series-2-42-mm-space-gray\" \/>\n<meta property=\"og:site_name\" content=\"TECNOINFORMATICA\" \/>\n<meta property=\"article:modified_time\" content=\"2022-10-21T21:38:07+00:00\" \/>\n<meta property=\"og:image\" content=\"https:\/\/tecnoinformatica-ec.com\/portal1\/wp-content\/uploads\/2015\/01\/CS-1.png\" \/>\n\t<meta property=\"og:image:width\" content=\"1263\" \/>\n\t<meta property=\"og:image:height\" content=\"918\" \/>\n\t<meta property=\"og:image:type\" content=\"image\/png\" \/>\n<meta name=\"twitter:card\" content=\"summary_large_image\" \/>\n<meta name=\"twitter:label1\" content=\"Tiempo de lectura\" \/>\n\t<meta name=\"twitter:data1\" content=\"1 minuto\" \/>\n<script type=\"application\/ld+json\" class=\"yoast-schema-graph\">{\"@context\":\"https:\/\/schema.org\",\"@graph\":[{\"@type\":\"WebPage\",\"@id\":\"https:\/\/tecnoinformatica-ec.com\/portal1\/?product=apple-watch-series-2-42-mm-space-gray\",\"url\":\"https:\/\/tecnoinformatica-ec.com\/portal1\/?product=apple-watch-series-2-42-mm-space-gray\",\"name\":\"C\u00c1MARA HIKVISION CCTV THC-B310-VF - TECNOINFORMATICA\",\"isPartOf\":{\"@id\":\"https:\/\/tecnoinformatica-ec.com\/portal1\/#website\"},\"primaryImageOfPage\":{\"@id\":\"https:\/\/tecnoinformatica-ec.com\/portal1\/?product=apple-watch-series-2-42-mm-space-gray#primaryimage\"},\"image\":{\"@id\":\"https:\/\/tecnoinformatica-ec.com\/portal1\/?product=apple-watch-series-2-42-mm-space-gray#primaryimage\"},\"thumbnailUrl\":\"https:\/\/tecnoinformatica-ec.com\/portal1\/wp-content\/uploads\/2015\/01\/CS-1.png\",\"datePublished\":\"2015-01-05T08:43:45+00:00\",\"dateModified\":\"2022-10-21T21:38:07+00:00\",\"breadcrumb\":{\"@id\":\"https:\/\/tecnoinformatica-ec.com\/portal1\/?product=apple-watch-series-2-42-mm-space-gray#breadcrumb\"},\"inLanguage\":\"es\",\"potentialAction\":[{\"@type\":\"ReadAction\",\"target\":[\"https:\/\/tecnoinformatica-ec.com\/portal1\/?product=apple-watch-series-2-42-mm-space-gray\"]}]},{\"@type\":\"ImageObject\",\"inLanguage\":\"es\",\"@id\":\"https:\/\/tecnoinformatica-ec.com\/portal1\/?product=apple-watch-series-2-42-mm-space-gray#primaryimage\",\"url\":\"https:\/\/tecnoinformatica-ec.com\/portal1\/wp-content\/uploads\/2015\/01\/CS-1.png\",\"contentUrl\":\"https:\/\/tecnoinformatica-ec.com\/portal1\/wp-content\/uploads\/2015\/01\/CS-1.png\",\"width\":1263,\"height\":918},{\"@type\":\"BreadcrumbList\",\"@id\":\"https:\/\/tecnoinformatica-ec.com\/portal1\/?product=apple-watch-series-2-42-mm-space-gray#breadcrumb\",\"itemListElement\":[{\"@type\":\"ListItem\",\"position\":1,\"name\":\"Portada\",\"item\":\"https:\/\/tecnoinformatica-ec.com\/portal1\/\"},{\"@type\":\"ListItem\",\"position\":2,\"name\":\"Shop\",\"item\":\"https:\/\/tecnoinformatica-ec.com\/portal1\/?page_id=1788\"},{\"@type\":\"ListItem\",\"position\":3,\"name\":\"C\u00c1MARA HIKVISION CCTV THC-B310-VF\"}]},{\"@type\":\"WebSite\",\"@id\":\"https:\/\/tecnoinformatica-ec.com\/portal1\/#website\",\"url\":\"https:\/\/tecnoinformatica-ec.com\/portal1\/\",\"name\":\"TECNOINFORMATICA\",\"description\":\"La mejor soluci\u00f3n en Comptaci\u00f3n para usted\",\"potentialAction\":[{\"@type\":\"SearchAction\",\"target\":{\"@type\":\"EntryPoint\",\"urlTemplate\":\"https:\/\/tecnoinformatica-ec.com\/portal1\/?s={search_term_string}\"},\"query-input\":{\"@type\":\"PropertyValueSpecification\",\"valueRequired\":true,\"valueName\":\"search_term_string\"}}],\"inLanguage\":\"es\"}]}<\/script>\n<!-- \/ Yoast SEO plugin. -->","yoast_head_json":{"title":"C\u00c1MARA HIKVISION CCTV THC-B310-VF - TECNOINFORMATICA","robots":{"index":"index","follow":"follow","max-snippet":"max-snippet:-1","max-image-preview":"max-image-preview:large","max-video-preview":"max-video-preview:-1"},"canonical":"https:\/\/tecnoinformatica-ec.com\/portal1\/?product=apple-watch-series-2-42-mm-space-gray","og_locale":"es_ES","og_type":"article","og_title":"C\u00c1MARA HIKVISION CCTV THC-B310-VF - TECNOINFORMATICA","og_description":"Dimensiones: (256.4 \u00d7 83.3 \u00d7 78.2) mm  Alimentaci\u00f3n: 12V 1A (consume 0.43A)","og_url":"https:\/\/tecnoinformatica-ec.com\/portal1\/?product=apple-watch-series-2-42-mm-space-gray","og_site_name":"TECNOINFORMATICA","article_modified_time":"2022-10-21T21:38:07+00:00","og_image":[{"width":1263,"height":918,"url":"https:\/\/tecnoinformatica-ec.com\/portal1\/wp-content\/uploads\/2015\/01\/CS-1.png","type":"image\/png"}],"twitter_card":"summary_large_image","twitter_misc":{"Tiempo de lectura":"1 minuto"},"schema":{"@context":"https:\/\/schema.org","@graph":[{"@type":"WebPage","@id":"https:\/\/tecnoinformatica-ec.com\/portal1\/?product=apple-watch-series-2-42-mm-space-gray","url":"https:\/\/tecnoinformatica-ec.com\/portal1\/?product=apple-watch-series-2-42-mm-space-gray","name":"C\u00c1MARA HIKVISION CCTV THC-B310-VF - TECNOINFORMATICA","isPartOf":{"@id":"https:\/\/tecnoinformatica-ec.com\/portal1\/#website"},"primaryImageOfPage":{"@id":"https:\/\/tecnoinformatica-ec.com\/portal1\/?product=apple-watch-series-2-42-mm-space-gray#primaryimage"},"image":{"@id":"https:\/\/tecnoinformatica-ec.com\/portal1\/?product=apple-watch-series-2-42-mm-space-gray#primaryimage"},"thumbnailUrl":"https:\/\/tecnoinformatica-ec.com\/portal1\/wp-content\/uploads\/2015\/01\/CS-1.png","datePublished":"2015-01-05T08:43:45+00:00","dateModified":"2022-10-21T21:38:07+00:00","breadcrumb":{"@id":"https:\/\/tecnoinformatica-ec.com\/portal1\/?product=apple-watch-series-2-42-mm-space-gray#breadcrumb"},"inLanguage":"es","potentialAction":[{"@type":"ReadAction","target":["https:\/\/tecnoinformatica-ec.com\/portal1\/?product=apple-watch-series-2-42-mm-space-gray"]}]},{"@type":"ImageObject","inLanguage":"es","@id":"https:\/\/tecnoinformatica-ec.com\/portal1\/?product=apple-watch-series-2-42-mm-space-gray#primaryimage","url":"https:\/\/tecnoinformatica-ec.com\/portal1\/wp-content\/uploads\/2015\/01\/CS-1.png","contentUrl":"https:\/\/tecnoinformatica-ec.com\/portal1\/wp-content\/uploads\/2015\/01\/CS-1.png","width":1263,"height":918},{"@type":"BreadcrumbList","@id":"https:\/\/tecnoinformatica-ec.com\/portal1\/?product=apple-watch-series-2-42-mm-space-gray#breadcrumb","itemListElement":[{"@type":"ListItem","position":1,"name":"Portada","item":"https:\/\/tecnoinformatica-ec.com\/portal1\/"},{"@type":"ListItem","position":2,"name":"Shop","item":"https:\/\/tecnoinformatica-ec.com\/portal1\/?page_id=1788"},{"@type":"ListItem","position":3,"name":"C\u00c1MARA HIKVISION CCTV THC-B310-VF"}]},{"@type":"WebSite","@id":"https:\/\/tecnoinformatica-ec.com\/portal1\/#website","url":"https:\/\/tecnoinformatica-ec.com\/portal1\/","name":"TECNOINFORMATICA","description":"La mejor soluci\u00f3n en Comptaci\u00f3n para usted","potentialAction":[{"@type":"SearchAction","target":{"@type":"EntryPoint","urlTemplate":"https:\/\/tecnoinformatica-ec.com\/portal1\/?s={search_term_string}"},"query-input":{"@type":"PropertyValueSpecification","valueRequired":true,"valueName":"search_term_string"}}],"inLanguage":"es"}]}},"_links":{"self":[{"href":"https:\/\/tecnoinformatica-ec.com\/portal1\/index.php?rest_route=\/wp\/v2\/product\/1574","targetHints":{"allow":["GET"]}}],"collection":[{"href":"https:\/\/tecnoinformatica-ec.com\/portal1\/index.php?rest_route=\/wp\/v2\/product"}],"about":[{"href":"https:\/\/tecnoinformatica-ec.com\/portal1\/index.php?rest_route=\/wp\/v2\/types\/product"}],"replies":[{"embeddable":true,"href":"https:\/\/tecnoinformatica-ec.com\/portal1\/index.php?rest_route=%2Fwp%2Fv2%2Fcomments&post=1574"}],"version-history":[{"count":2,"href":"https:\/\/tecnoinformatica-ec.com\/portal1\/index.php?rest_route=\/wp\/v2\/product\/1574\/revisions"}],"predecessor-version":[{"id":4407,"href":"https:\/\/tecnoinformatica-ec.com\/portal1\/index.php?rest_route=\/wp\/v2\/product\/1574\/revisions\/4407"}],"wp:featuredmedia":[{"embeddable":true,"href":"https:\/\/tecnoinformatica-ec.com\/portal1\/index.php?rest_route=\/wp\/v2\/media\/4405"}],"wp:attachment":[{"href":"https:\/\/tecnoinformatica-ec.com\/portal1\/index.php?rest_route=%2Fwp%2Fv2%2Fmedia&parent=1574"}],"wp:term":[{"taxonomy":"product_brand","embeddable":true,"href":"https:\/\/tecnoinformatica-ec.com\/portal1\/index.php?rest_route=%2Fwp%2Fv2%2Fproduct_brand&post=1574"},{"taxonomy":"product_cat","embeddable":true,"href":"https:\/\/tecnoinformatica-ec.com\/portal1\/index.php?rest_route=%2Fwp%2Fv2%2Fproduct_cat&post=1574"},{"taxonomy":"product_tag","embeddable":true,"href":"https:\/\/tecnoinformatica-ec.com\/portal1\/index.php?rest_route=%2Fwp%2Fv2%2Fproduct_tag&post=1574"}],"curies":[{"name":"wp","href":"https:\/\/api.w.org\/{rel}","templated":true}]}}