{"id":1577,"date":"2015-01-29T08:53:07","date_gmt":"2015-01-29T13:53:07","guid":{"rendered":"http:\/\/wordpress.magikthemes.com\/lamby\/?post_type=product&#038;p=1577"},"modified":"2022-10-21T15:29:14","modified_gmt":"2022-10-21T20:29:14","slug":"sony-mdr-zx110-stereo-headphone","status":"publish","type":"product","link":"https:\/\/tecnoinformatica-ec.com\/portal1\/?product=sony-mdr-zx110-stereo-headphone","title":{"rendered":"Router Wi-Fi de doble banda AC750 ArcherC24"},"content":{"rendered":"<p>Router Wi-Fi de doble banda AC750 ArcherC24.<\/p>\n<p>Caracteristicas:<\/p>\n<ul>\n<li>Est\u00e1ndares:IEEE 802.11ac\/n\/a 5 GHz<\/li>\n<li>Velocidades WiFi: 5 GHz: 433 Mbps (802.11ac)<\/li>\n<li>Botones: WPS\/bot\u00f3n de reinicio<\/li>\n<li>Energ\u00eda: 9 V \u2393 0,6 A<\/li>\n<li>Dimensiones (An. \u00d7 Pr. \u00d7 Al.): 115 \u00d7 106,7 \u00d7 24,3 mm<\/li>\n<\/ul>\n","protected":false},"excerpt":{"rendered":"<ul>\n<li>Color: Blanco<\/li>\n<li>Marca: Tp-link<\/li>\n<li>Modelo:AC750<\/li>\n<\/ul>\n","protected":false},"featured_media":4398,"comment_status":"open","ping_status":"closed","template":"","meta":[],"product_brand":[],"product_cat":[310],"product_tag":[],"class_list":{"0":"post-1577","1":"product","2":"type-product","3":"status-publish","4":"has-post-thumbnail","6":"product_cat-router","8":"first","9":"instock","10":"featured","11":"taxable","12":"shipping-taxable","13":"purchasable","14":"product-type-simple"},"yoast_head":"<!-- This site is optimized with the Yoast SEO plugin v26.0 - https:\/\/yoast.com\/wordpress\/plugins\/seo\/ -->\n<title>Router Wi-Fi de doble banda AC750 ArcherC24 - TECNOINFORMATICA<\/title>\n<meta name=\"robots\" content=\"index, follow, max-snippet:-1, max-image-preview:large, max-video-preview:-1\" \/>\n<link rel=\"canonical\" href=\"https:\/\/tecnoinformatica-ec.com\/portal1\/?product=sony-mdr-zx110-stereo-headphone\" \/>\n<meta property=\"og:locale\" content=\"es_ES\" \/>\n<meta property=\"og:type\" content=\"article\" \/>\n<meta property=\"og:title\" content=\"Router Wi-Fi de doble banda AC750 ArcherC24 - TECNOINFORMATICA\" \/>\n<meta property=\"og:description\" content=\"Color: Blanco  Marca: Tp-link  Modelo:AC750\" \/>\n<meta property=\"og:url\" content=\"https:\/\/tecnoinformatica-ec.com\/portal1\/?product=sony-mdr-zx110-stereo-headphone\" \/>\n<meta property=\"og:site_name\" content=\"TECNOINFORMATICA\" \/>\n<meta property=\"article:modified_time\" content=\"2022-10-21T20:29:14+00:00\" \/>\n<meta property=\"og:image\" content=\"https:\/\/tecnoinformatica-ec.com\/portal1\/wp-content\/uploads\/2015\/01\/Sin-titulo-1-1.png\" \/>\n\t<meta property=\"og:image:width\" content=\"2460\" \/>\n\t<meta property=\"og:image:height\" content=\"2460\" \/>\n\t<meta property=\"og:image:type\" content=\"image\/png\" \/>\n<meta name=\"twitter:card\" content=\"summary_large_image\" \/>\n<meta name=\"twitter:label1\" content=\"Tiempo de lectura\" \/>\n\t<meta name=\"twitter:data1\" content=\"1 minuto\" \/>\n<script type=\"application\/ld+json\" class=\"yoast-schema-graph\">{\"@context\":\"https:\/\/schema.org\",\"@graph\":[{\"@type\":\"WebPage\",\"@id\":\"https:\/\/tecnoinformatica-ec.com\/portal1\/?product=sony-mdr-zx110-stereo-headphone\",\"url\":\"https:\/\/tecnoinformatica-ec.com\/portal1\/?product=sony-mdr-zx110-stereo-headphone\",\"name\":\"Router Wi-Fi de doble banda AC750 ArcherC24 - TECNOINFORMATICA\",\"isPartOf\":{\"@id\":\"https:\/\/tecnoinformatica-ec.com\/portal1\/#website\"},\"primaryImageOfPage\":{\"@id\":\"https:\/\/tecnoinformatica-ec.com\/portal1\/?product=sony-mdr-zx110-stereo-headphone#primaryimage\"},\"image\":{\"@id\":\"https:\/\/tecnoinformatica-ec.com\/portal1\/?product=sony-mdr-zx110-stereo-headphone#primaryimage\"},\"thumbnailUrl\":\"https:\/\/tecnoinformatica-ec.com\/portal1\/wp-content\/uploads\/2015\/01\/Sin-titulo-1-1.png\",\"datePublished\":\"2015-01-29T13:53:07+00:00\",\"dateModified\":\"2022-10-21T20:29:14+00:00\",\"breadcrumb\":{\"@id\":\"https:\/\/tecnoinformatica-ec.com\/portal1\/?product=sony-mdr-zx110-stereo-headphone#breadcrumb\"},\"inLanguage\":\"es\",\"potentialAction\":[{\"@type\":\"ReadAction\",\"target\":[\"https:\/\/tecnoinformatica-ec.com\/portal1\/?product=sony-mdr-zx110-stereo-headphone\"]}]},{\"@type\":\"ImageObject\",\"inLanguage\":\"es\",\"@id\":\"https:\/\/tecnoinformatica-ec.com\/portal1\/?product=sony-mdr-zx110-stereo-headphone#primaryimage\",\"url\":\"https:\/\/tecnoinformatica-ec.com\/portal1\/wp-content\/uploads\/2015\/01\/Sin-titulo-1-1.png\",\"contentUrl\":\"https:\/\/tecnoinformatica-ec.com\/portal1\/wp-content\/uploads\/2015\/01\/Sin-titulo-1-1.png\",\"width\":2460,\"height\":2460},{\"@type\":\"BreadcrumbList\",\"@id\":\"https:\/\/tecnoinformatica-ec.com\/portal1\/?product=sony-mdr-zx110-stereo-headphone#breadcrumb\",\"itemListElement\":[{\"@type\":\"ListItem\",\"position\":1,\"name\":\"Portada\",\"item\":\"https:\/\/tecnoinformatica-ec.com\/portal1\/\"},{\"@type\":\"ListItem\",\"position\":2,\"name\":\"Shop\",\"item\":\"https:\/\/tecnoinformatica-ec.com\/portal1\/?page_id=1788\"},{\"@type\":\"ListItem\",\"position\":3,\"name\":\"Router Wi-Fi de doble banda AC750 ArcherC24\"}]},{\"@type\":\"WebSite\",\"@id\":\"https:\/\/tecnoinformatica-ec.com\/portal1\/#website\",\"url\":\"https:\/\/tecnoinformatica-ec.com\/portal1\/\",\"name\":\"TECNOINFORMATICA\",\"description\":\"La mejor soluci\u00f3n en Comptaci\u00f3n para usted\",\"potentialAction\":[{\"@type\":\"SearchAction\",\"target\":{\"@type\":\"EntryPoint\",\"urlTemplate\":\"https:\/\/tecnoinformatica-ec.com\/portal1\/?s={search_term_string}\"},\"query-input\":{\"@type\":\"PropertyValueSpecification\",\"valueRequired\":true,\"valueName\":\"search_term_string\"}}],\"inLanguage\":\"es\"}]}<\/script>\n<!-- \/ Yoast SEO plugin. -->","yoast_head_json":{"title":"Router Wi-Fi de doble banda AC750 ArcherC24 - TECNOINFORMATICA","robots":{"index":"index","follow":"follow","max-snippet":"max-snippet:-1","max-image-preview":"max-image-preview:large","max-video-preview":"max-video-preview:-1"},"canonical":"https:\/\/tecnoinformatica-ec.com\/portal1\/?product=sony-mdr-zx110-stereo-headphone","og_locale":"es_ES","og_type":"article","og_title":"Router Wi-Fi de doble banda AC750 ArcherC24 - TECNOINFORMATICA","og_description":"Color: Blanco  Marca: Tp-link  Modelo:AC750","og_url":"https:\/\/tecnoinformatica-ec.com\/portal1\/?product=sony-mdr-zx110-stereo-headphone","og_site_name":"TECNOINFORMATICA","article_modified_time":"2022-10-21T20:29:14+00:00","og_image":[{"width":2460,"height":2460,"url":"https:\/\/tecnoinformatica-ec.com\/portal1\/wp-content\/uploads\/2015\/01\/Sin-titulo-1-1.png","type":"image\/png"}],"twitter_card":"summary_large_image","twitter_misc":{"Tiempo de lectura":"1 minuto"},"schema":{"@context":"https:\/\/schema.org","@graph":[{"@type":"WebPage","@id":"https:\/\/tecnoinformatica-ec.com\/portal1\/?product=sony-mdr-zx110-stereo-headphone","url":"https:\/\/tecnoinformatica-ec.com\/portal1\/?product=sony-mdr-zx110-stereo-headphone","name":"Router Wi-Fi de doble banda AC750 ArcherC24 - TECNOINFORMATICA","isPartOf":{"@id":"https:\/\/tecnoinformatica-ec.com\/portal1\/#website"},"primaryImageOfPage":{"@id":"https:\/\/tecnoinformatica-ec.com\/portal1\/?product=sony-mdr-zx110-stereo-headphone#primaryimage"},"image":{"@id":"https:\/\/tecnoinformatica-ec.com\/portal1\/?product=sony-mdr-zx110-stereo-headphone#primaryimage"},"thumbnailUrl":"https:\/\/tecnoinformatica-ec.com\/portal1\/wp-content\/uploads\/2015\/01\/Sin-titulo-1-1.png","datePublished":"2015-01-29T13:53:07+00:00","dateModified":"2022-10-21T20:29:14+00:00","breadcrumb":{"@id":"https:\/\/tecnoinformatica-ec.com\/portal1\/?product=sony-mdr-zx110-stereo-headphone#breadcrumb"},"inLanguage":"es","potentialAction":[{"@type":"ReadAction","target":["https:\/\/tecnoinformatica-ec.com\/portal1\/?product=sony-mdr-zx110-stereo-headphone"]}]},{"@type":"ImageObject","inLanguage":"es","@id":"https:\/\/tecnoinformatica-ec.com\/portal1\/?product=sony-mdr-zx110-stereo-headphone#primaryimage","url":"https:\/\/tecnoinformatica-ec.com\/portal1\/wp-content\/uploads\/2015\/01\/Sin-titulo-1-1.png","contentUrl":"https:\/\/tecnoinformatica-ec.com\/portal1\/wp-content\/uploads\/2015\/01\/Sin-titulo-1-1.png","width":2460,"height":2460},{"@type":"BreadcrumbList","@id":"https:\/\/tecnoinformatica-ec.com\/portal1\/?product=sony-mdr-zx110-stereo-headphone#breadcrumb","itemListElement":[{"@type":"ListItem","position":1,"name":"Portada","item":"https:\/\/tecnoinformatica-ec.com\/portal1\/"},{"@type":"ListItem","position":2,"name":"Shop","item":"https:\/\/tecnoinformatica-ec.com\/portal1\/?page_id=1788"},{"@type":"ListItem","position":3,"name":"Router Wi-Fi de doble banda AC750 ArcherC24"}]},{"@type":"WebSite","@id":"https:\/\/tecnoinformatica-ec.com\/portal1\/#website","url":"https:\/\/tecnoinformatica-ec.com\/portal1\/","name":"TECNOINFORMATICA","description":"La mejor soluci\u00f3n en Comptaci\u00f3n para usted","potentialAction":[{"@type":"SearchAction","target":{"@type":"EntryPoint","urlTemplate":"https:\/\/tecnoinformatica-ec.com\/portal1\/?s={search_term_string}"},"query-input":{"@type":"PropertyValueSpecification","valueRequired":true,"valueName":"search_term_string"}}],"inLanguage":"es"}]}},"_links":{"self":[{"href":"https:\/\/tecnoinformatica-ec.com\/portal1\/index.php?rest_route=\/wp\/v2\/product\/1577","targetHints":{"allow":["GET"]}}],"collection":[{"href":"https:\/\/tecnoinformatica-ec.com\/portal1\/index.php?rest_route=\/wp\/v2\/product"}],"about":[{"href":"https:\/\/tecnoinformatica-ec.com\/portal1\/index.php?rest_route=\/wp\/v2\/types\/product"}],"replies":[{"embeddable":true,"href":"https:\/\/tecnoinformatica-ec.com\/portal1\/index.php?rest_route=%2Fwp%2Fv2%2Fcomments&post=1577"}],"version-history":[{"count":3,"href":"https:\/\/tecnoinformatica-ec.com\/portal1\/index.php?rest_route=\/wp\/v2\/product\/1577\/revisions"}],"predecessor-version":[{"id":4397,"href":"https:\/\/tecnoinformatica-ec.com\/portal1\/index.php?rest_route=\/wp\/v2\/product\/1577\/revisions\/4397"}],"wp:featuredmedia":[{"embeddable":true,"href":"https:\/\/tecnoinformatica-ec.com\/portal1\/index.php?rest_route=\/wp\/v2\/media\/4398"}],"wp:attachment":[{"href":"https:\/\/tecnoinformatica-ec.com\/portal1\/index.php?rest_route=%2Fwp%2Fv2%2Fmedia&parent=1577"}],"wp:term":[{"taxonomy":"product_brand","embeddable":true,"href":"https:\/\/tecnoinformatica-ec.com\/portal1\/index.php?rest_route=%2Fwp%2Fv2%2Fproduct_brand&post=1577"},{"taxonomy":"product_cat","embeddable":true,"href":"https:\/\/tecnoinformatica-ec.com\/portal1\/index.php?rest_route=%2Fwp%2Fv2%2Fproduct_cat&post=1577"},{"taxonomy":"product_tag","embeddable":true,"href":"https:\/\/tecnoinformatica-ec.com\/portal1\/index.php?rest_route=%2Fwp%2Fv2%2Fproduct_tag&post=1577"}],"curies":[{"name":"wp","href":"https:\/\/api.w.org\/{rel}","templated":true}]}}