{"id":2760,"date":"2021-09-09T06:27:41","date_gmt":"2021-09-09T06:27:41","guid":{"rendered":"http:\/\/localhost\/machic\/?post_type=product&#038;p=332"},"modified":"2022-09-27T10:41:37","modified_gmt":"2022-09-27T15:41:37","slug":"new-microsoft-surface-go-2-10-5-touch-screen","status":"publish","type":"product","link":"https:\/\/tecnoinformatica-ec.com\/portal1\/?product=new-microsoft-surface-go-2-10-5-touch-screen","title":{"rendered":"Mouse Inal\u00e1mbrico Genius Eco-8100 Recargable Usb Azul"},"content":{"rendered":"<p>Mouse Inal\u00e1mbrico Genius Eco-8100 Recargable Usb Azul.<\/p>\n<p>Caracter\u00edsticas:<\/p>\n<ul>\n<li>Frecuencia RF: 2.4 GHz<\/li>\n<li>Resoluci\u00f3n (DPI): 800 &#8211; 1600<\/li>\n<li>Cantidad de botones: Tres (izquierda, derecha y central con desplazamiento)<\/li>\n<li>Compatible con sistema operativo: Windows\u00ae 7, 8, 8.1, 10<br \/>\nMac OS X 10.8 o superior<\/li>\n<\/ul>\n","protected":false},"excerpt":{"rendered":"<ul>\n<li>Tipo de bater\u00eda: Bater\u00eda NiMH recargable<\/li>\n<li>Soporte SmartGenius: S\u00ed<\/li>\n<li>Unidad de sensor: \u00d3ptic<\/li>\n<\/ul>\n","protected":false},"featured_media":4159,"comment_status":"open","ping_status":"closed","template":"","meta":[],"product_brand":[],"product_cat":[281,287],"product_tag":[],"class_list":{"0":"post-2760","1":"product","2":"type-product","3":"status-publish","4":"has-post-thumbnail","6":"product_cat-acessorios","7":"product_cat-mouse","9":"first","10":"instock","11":"sale","12":"featured","13":"taxable","14":"shipping-taxable","15":"purchasable","16":"product-type-simple"},"yoast_head":"<!-- This site is optimized with the Yoast SEO plugin v26.0 - https:\/\/yoast.com\/wordpress\/plugins\/seo\/ -->\n<title>Mouse Inal\u00e1mbrico Genius Eco-8100 Recargable Usb Azul - TECNOINFORMATICA<\/title>\n<meta name=\"robots\" content=\"index, follow, max-snippet:-1, max-image-preview:large, max-video-preview:-1\" \/>\n<link rel=\"canonical\" href=\"https:\/\/tecnoinformatica-ec.com\/portal1\/?product=new-microsoft-surface-go-2-10-5-touch-screen\" \/>\n<meta property=\"og:locale\" content=\"es_ES\" \/>\n<meta property=\"og:type\" content=\"article\" \/>\n<meta property=\"og:title\" content=\"Mouse Inal\u00e1mbrico Genius Eco-8100 Recargable Usb Azul - TECNOINFORMATICA\" \/>\n<meta property=\"og:description\" content=\"Tipo de bater\u00eda: Bater\u00eda NiMH recargable  Soporte SmartGenius: S\u00ed  Unidad de sensor: \u00d3ptic\" \/>\n<meta property=\"og:url\" content=\"https:\/\/tecnoinformatica-ec.com\/portal1\/?product=new-microsoft-surface-go-2-10-5-touch-screen\" \/>\n<meta property=\"og:site_name\" content=\"TECNOINFORMATICA\" \/>\n<meta property=\"article:modified_time\" content=\"2022-09-27T15:41:37+00:00\" \/>\n<meta property=\"og:image\" content=\"https:\/\/tecnoinformatica-ec.com\/portal1\/wp-content\/uploads\/2021\/09\/Sin-titulo-1-27.png\" \/>\n\t<meta property=\"og:image:width\" content=\"3451\" \/>\n\t<meta property=\"og:image:height\" content=\"2631\" \/>\n\t<meta property=\"og:image:type\" content=\"image\/png\" \/>\n<meta name=\"twitter:card\" content=\"summary_large_image\" \/>\n<meta name=\"twitter:label1\" content=\"Tiempo de lectura\" \/>\n\t<meta name=\"twitter:data1\" content=\"1 minuto\" \/>\n<script type=\"application\/ld+json\" class=\"yoast-schema-graph\">{\"@context\":\"https:\/\/schema.org\",\"@graph\":[{\"@type\":\"WebPage\",\"@id\":\"https:\/\/tecnoinformatica-ec.com\/portal1\/?product=new-microsoft-surface-go-2-10-5-touch-screen\",\"url\":\"https:\/\/tecnoinformatica-ec.com\/portal1\/?product=new-microsoft-surface-go-2-10-5-touch-screen\",\"name\":\"Mouse Inal\u00e1mbrico Genius Eco-8100 Recargable Usb Azul - TECNOINFORMATICA\",\"isPartOf\":{\"@id\":\"https:\/\/tecnoinformatica-ec.com\/portal1\/#website\"},\"primaryImageOfPage\":{\"@id\":\"https:\/\/tecnoinformatica-ec.com\/portal1\/?product=new-microsoft-surface-go-2-10-5-touch-screen#primaryimage\"},\"image\":{\"@id\":\"https:\/\/tecnoinformatica-ec.com\/portal1\/?product=new-microsoft-surface-go-2-10-5-touch-screen#primaryimage\"},\"thumbnailUrl\":\"https:\/\/tecnoinformatica-ec.com\/portal1\/wp-content\/uploads\/2021\/09\/Sin-titulo-1-27.png\",\"datePublished\":\"2021-09-09T06:27:41+00:00\",\"dateModified\":\"2022-09-27T15:41:37+00:00\",\"breadcrumb\":{\"@id\":\"https:\/\/tecnoinformatica-ec.com\/portal1\/?product=new-microsoft-surface-go-2-10-5-touch-screen#breadcrumb\"},\"inLanguage\":\"es\",\"potentialAction\":[{\"@type\":\"ReadAction\",\"target\":[\"https:\/\/tecnoinformatica-ec.com\/portal1\/?product=new-microsoft-surface-go-2-10-5-touch-screen\"]}]},{\"@type\":\"ImageObject\",\"inLanguage\":\"es\",\"@id\":\"https:\/\/tecnoinformatica-ec.com\/portal1\/?product=new-microsoft-surface-go-2-10-5-touch-screen#primaryimage\",\"url\":\"https:\/\/tecnoinformatica-ec.com\/portal1\/wp-content\/uploads\/2021\/09\/Sin-titulo-1-27.png\",\"contentUrl\":\"https:\/\/tecnoinformatica-ec.com\/portal1\/wp-content\/uploads\/2021\/09\/Sin-titulo-1-27.png\",\"width\":3451,\"height\":2631},{\"@type\":\"BreadcrumbList\",\"@id\":\"https:\/\/tecnoinformatica-ec.com\/portal1\/?product=new-microsoft-surface-go-2-10-5-touch-screen#breadcrumb\",\"itemListElement\":[{\"@type\":\"ListItem\",\"position\":1,\"name\":\"Portada\",\"item\":\"https:\/\/tecnoinformatica-ec.com\/portal1\/\"},{\"@type\":\"ListItem\",\"position\":2,\"name\":\"Shop\",\"item\":\"https:\/\/tecnoinformatica-ec.com\/portal1\/?page_id=1788\"},{\"@type\":\"ListItem\",\"position\":3,\"name\":\"Mouse Inal\u00e1mbrico Genius Eco-8100 Recargable Usb Azul\"}]},{\"@type\":\"WebSite\",\"@id\":\"https:\/\/tecnoinformatica-ec.com\/portal1\/#website\",\"url\":\"https:\/\/tecnoinformatica-ec.com\/portal1\/\",\"name\":\"TECNOINFORMATICA\",\"description\":\"La mejor soluci\u00f3n en Comptaci\u00f3n para usted\",\"potentialAction\":[{\"@type\":\"SearchAction\",\"target\":{\"@type\":\"EntryPoint\",\"urlTemplate\":\"https:\/\/tecnoinformatica-ec.com\/portal1\/?s={search_term_string}\"},\"query-input\":{\"@type\":\"PropertyValueSpecification\",\"valueRequired\":true,\"valueName\":\"search_term_string\"}}],\"inLanguage\":\"es\"}]}<\/script>\n<!-- \/ Yoast SEO plugin. -->","yoast_head_json":{"title":"Mouse Inal\u00e1mbrico Genius Eco-8100 Recargable Usb Azul - TECNOINFORMATICA","robots":{"index":"index","follow":"follow","max-snippet":"max-snippet:-1","max-image-preview":"max-image-preview:large","max-video-preview":"max-video-preview:-1"},"canonical":"https:\/\/tecnoinformatica-ec.com\/portal1\/?product=new-microsoft-surface-go-2-10-5-touch-screen","og_locale":"es_ES","og_type":"article","og_title":"Mouse Inal\u00e1mbrico Genius Eco-8100 Recargable Usb Azul - TECNOINFORMATICA","og_description":"Tipo de bater\u00eda: Bater\u00eda NiMH recargable  Soporte SmartGenius: S\u00ed  Unidad de sensor: \u00d3ptic","og_url":"https:\/\/tecnoinformatica-ec.com\/portal1\/?product=new-microsoft-surface-go-2-10-5-touch-screen","og_site_name":"TECNOINFORMATICA","article_modified_time":"2022-09-27T15:41:37+00:00","og_image":[{"width":3451,"height":2631,"url":"https:\/\/tecnoinformatica-ec.com\/portal1\/wp-content\/uploads\/2021\/09\/Sin-titulo-1-27.png","type":"image\/png"}],"twitter_card":"summary_large_image","twitter_misc":{"Tiempo de lectura":"1 minuto"},"schema":{"@context":"https:\/\/schema.org","@graph":[{"@type":"WebPage","@id":"https:\/\/tecnoinformatica-ec.com\/portal1\/?product=new-microsoft-surface-go-2-10-5-touch-screen","url":"https:\/\/tecnoinformatica-ec.com\/portal1\/?product=new-microsoft-surface-go-2-10-5-touch-screen","name":"Mouse Inal\u00e1mbrico Genius Eco-8100 Recargable Usb Azul - TECNOINFORMATICA","isPartOf":{"@id":"https:\/\/tecnoinformatica-ec.com\/portal1\/#website"},"primaryImageOfPage":{"@id":"https:\/\/tecnoinformatica-ec.com\/portal1\/?product=new-microsoft-surface-go-2-10-5-touch-screen#primaryimage"},"image":{"@id":"https:\/\/tecnoinformatica-ec.com\/portal1\/?product=new-microsoft-surface-go-2-10-5-touch-screen#primaryimage"},"thumbnailUrl":"https:\/\/tecnoinformatica-ec.com\/portal1\/wp-content\/uploads\/2021\/09\/Sin-titulo-1-27.png","datePublished":"2021-09-09T06:27:41+00:00","dateModified":"2022-09-27T15:41:37+00:00","breadcrumb":{"@id":"https:\/\/tecnoinformatica-ec.com\/portal1\/?product=new-microsoft-surface-go-2-10-5-touch-screen#breadcrumb"},"inLanguage":"es","potentialAction":[{"@type":"ReadAction","target":["https:\/\/tecnoinformatica-ec.com\/portal1\/?product=new-microsoft-surface-go-2-10-5-touch-screen"]}]},{"@type":"ImageObject","inLanguage":"es","@id":"https:\/\/tecnoinformatica-ec.com\/portal1\/?product=new-microsoft-surface-go-2-10-5-touch-screen#primaryimage","url":"https:\/\/tecnoinformatica-ec.com\/portal1\/wp-content\/uploads\/2021\/09\/Sin-titulo-1-27.png","contentUrl":"https:\/\/tecnoinformatica-ec.com\/portal1\/wp-content\/uploads\/2021\/09\/Sin-titulo-1-27.png","width":3451,"height":2631},{"@type":"BreadcrumbList","@id":"https:\/\/tecnoinformatica-ec.com\/portal1\/?product=new-microsoft-surface-go-2-10-5-touch-screen#breadcrumb","itemListElement":[{"@type":"ListItem","position":1,"name":"Portada","item":"https:\/\/tecnoinformatica-ec.com\/portal1\/"},{"@type":"ListItem","position":2,"name":"Shop","item":"https:\/\/tecnoinformatica-ec.com\/portal1\/?page_id=1788"},{"@type":"ListItem","position":3,"name":"Mouse Inal\u00e1mbrico Genius Eco-8100 Recargable Usb Azul"}]},{"@type":"WebSite","@id":"https:\/\/tecnoinformatica-ec.com\/portal1\/#website","url":"https:\/\/tecnoinformatica-ec.com\/portal1\/","name":"TECNOINFORMATICA","description":"La mejor soluci\u00f3n en Comptaci\u00f3n para usted","potentialAction":[{"@type":"SearchAction","target":{"@type":"EntryPoint","urlTemplate":"https:\/\/tecnoinformatica-ec.com\/portal1\/?s={search_term_string}"},"query-input":{"@type":"PropertyValueSpecification","valueRequired":true,"valueName":"search_term_string"}}],"inLanguage":"es"}]}},"_links":{"self":[{"href":"https:\/\/tecnoinformatica-ec.com\/portal1\/index.php?rest_route=\/wp\/v2\/product\/2760","targetHints":{"allow":["GET"]}}],"collection":[{"href":"https:\/\/tecnoinformatica-ec.com\/portal1\/index.php?rest_route=\/wp\/v2\/product"}],"about":[{"href":"https:\/\/tecnoinformatica-ec.com\/portal1\/index.php?rest_route=\/wp\/v2\/types\/product"}],"replies":[{"embeddable":true,"href":"https:\/\/tecnoinformatica-ec.com\/portal1\/index.php?rest_route=%2Fwp%2Fv2%2Fcomments&post=2760"}],"version-history":[{"count":2,"href":"https:\/\/tecnoinformatica-ec.com\/portal1\/index.php?rest_route=\/wp\/v2\/product\/2760\/revisions"}],"predecessor-version":[{"id":4163,"href":"https:\/\/tecnoinformatica-ec.com\/portal1\/index.php?rest_route=\/wp\/v2\/product\/2760\/revisions\/4163"}],"wp:featuredmedia":[{"embeddable":true,"href":"https:\/\/tecnoinformatica-ec.com\/portal1\/index.php?rest_route=\/wp\/v2\/media\/4159"}],"wp:attachment":[{"href":"https:\/\/tecnoinformatica-ec.com\/portal1\/index.php?rest_route=%2Fwp%2Fv2%2Fmedia&parent=2760"}],"wp:term":[{"taxonomy":"product_brand","embeddable":true,"href":"https:\/\/tecnoinformatica-ec.com\/portal1\/index.php?rest_route=%2Fwp%2Fv2%2Fproduct_brand&post=2760"},{"taxonomy":"product_cat","embeddable":true,"href":"https:\/\/tecnoinformatica-ec.com\/portal1\/index.php?rest_route=%2Fwp%2Fv2%2Fproduct_cat&post=2760"},{"taxonomy":"product_tag","embeddable":true,"href":"https:\/\/tecnoinformatica-ec.com\/portal1\/index.php?rest_route=%2Fwp%2Fv2%2Fproduct_tag&post=2760"}],"curies":[{"name":"wp","href":"https:\/\/api.w.org\/{rel}","templated":true}]}}