{"id":364,"date":"2021-09-09T07:19:11","date_gmt":"2021-09-09T07:19:11","guid":{"rendered":"http:\/\/localhost\/machic\/?post_type=product&#038;p=364"},"modified":"2022-09-23T16:42:59","modified_gmt":"2022-09-23T21:42:59","slug":"hp-pavilion-x360-14-convertible-2-in-1-laptop","status":"publish","type":"product","link":"https:\/\/tecnoinformatica-ec.com\/portal1\/?product=hp-pavilion-x360-14-convertible-2-in-1-laptop","title":{"rendered":"Mouse Vertical\/Wireless\/KLIP XTREME\/KMW-390"},"content":{"rendered":"<p>Mouse Vertical\/Wireless\/KLIP XTREME\/KMW-390<\/p>\n<p>Caracter\u00edsticas:<\/p>\n<ul>\n<li><span>Mouse inal\u00e1mbrico vertical 3D de seis botones.<\/span><\/li>\n<li><span>Tecnolog\u00eda: Sensor \u00f3ptico.<\/span><\/li>\n<li><span>Resoluci\u00f3n CPI: Regulable de 800-1200-1600DPI.<\/span><\/li>\n<li><span><span>Velocidad: 30in\/seg.<\/span><\/span><\/li>\n<\/ul>\n","protected":false},"excerpt":{"rendered":"<ul>\n<li><span><span>Tipo de bater\u00eda: 2 bater\u00edas tama\u00f1o AAA (incluidas)<\/span><\/span><\/li>\n<li><span><span>pesos: 138g<\/span><\/span><\/li>\n<li><span><span>RF t\u00e9cnico: 2,4 GHz<\/span><\/span><\/li>\n<\/ul>\n","protected":false},"featured_media":4126,"comment_status":"open","ping_status":"closed","template":"","meta":[],"product_brand":[],"product_cat":[281,256,287],"product_tag":[],"class_list":{"0":"post-364","1":"product","2":"type-product","3":"status-publish","4":"has-post-thumbnail","6":"product_cat-acessorios","7":"product_cat-mas-vendidos","8":"product_cat-mouse","10":"first","11":"instock","12":"featured","13":"taxable","14":"shipping-taxable","15":"purchasable","16":"product-type-simple"},"yoast_head":"<!-- This site is optimized with the Yoast SEO plugin v26.0 - https:\/\/yoast.com\/wordpress\/plugins\/seo\/ -->\n<title>Mouse Vertical\/Wireless\/KLIP XTREME\/KMW-390 - TECNOINFORMATICA<\/title>\n<meta name=\"robots\" content=\"index, follow, max-snippet:-1, max-image-preview:large, max-video-preview:-1\" \/>\n<link rel=\"canonical\" href=\"https:\/\/tecnoinformatica-ec.com\/portal1\/?product=hp-pavilion-x360-14-convertible-2-in-1-laptop\" \/>\n<meta property=\"og:locale\" content=\"es_ES\" \/>\n<meta property=\"og:type\" content=\"article\" \/>\n<meta property=\"og:title\" content=\"Mouse Vertical\/Wireless\/KLIP XTREME\/KMW-390 - TECNOINFORMATICA\" \/>\n<meta property=\"og:description\" content=\"Tipo de bater\u00eda: 2 bater\u00edas tama\u00f1o AAA (incluidas)  pesos: 138g  RF t\u00e9cnico: 2,4 GHz\" \/>\n<meta property=\"og:url\" content=\"https:\/\/tecnoinformatica-ec.com\/portal1\/?product=hp-pavilion-x360-14-convertible-2-in-1-laptop\" \/>\n<meta property=\"og:site_name\" content=\"TECNOINFORMATICA\" \/>\n<meta property=\"article:modified_time\" content=\"2022-09-23T21:42:59+00:00\" \/>\n<meta property=\"og:image\" content=\"https:\/\/tecnoinformatica-ec.com\/portal1\/wp-content\/uploads\/2021\/09\/CSCC.png\" \/>\n\t<meta property=\"og:image:width\" content=\"5001\" \/>\n\t<meta property=\"og:image:height\" content=\"3980\" \/>\n\t<meta property=\"og:image:type\" content=\"image\/png\" \/>\n<meta name=\"twitter:card\" content=\"summary_large_image\" \/>\n<meta name=\"twitter:label1\" content=\"Tiempo de lectura\" \/>\n\t<meta name=\"twitter:data1\" content=\"1 minuto\" \/>\n<script type=\"application\/ld+json\" class=\"yoast-schema-graph\">{\"@context\":\"https:\/\/schema.org\",\"@graph\":[{\"@type\":\"WebPage\",\"@id\":\"https:\/\/tecnoinformatica-ec.com\/portal1\/?product=hp-pavilion-x360-14-convertible-2-in-1-laptop\",\"url\":\"https:\/\/tecnoinformatica-ec.com\/portal1\/?product=hp-pavilion-x360-14-convertible-2-in-1-laptop\",\"name\":\"Mouse Vertical\/Wireless\/KLIP XTREME\/KMW-390 - TECNOINFORMATICA\",\"isPartOf\":{\"@id\":\"https:\/\/tecnoinformatica-ec.com\/portal1\/#website\"},\"primaryImageOfPage\":{\"@id\":\"https:\/\/tecnoinformatica-ec.com\/portal1\/?product=hp-pavilion-x360-14-convertible-2-in-1-laptop#primaryimage\"},\"image\":{\"@id\":\"https:\/\/tecnoinformatica-ec.com\/portal1\/?product=hp-pavilion-x360-14-convertible-2-in-1-laptop#primaryimage\"},\"thumbnailUrl\":\"https:\/\/tecnoinformatica-ec.com\/portal1\/wp-content\/uploads\/2021\/09\/CSCC.png\",\"datePublished\":\"2021-09-09T07:19:11+00:00\",\"dateModified\":\"2022-09-23T21:42:59+00:00\",\"breadcrumb\":{\"@id\":\"https:\/\/tecnoinformatica-ec.com\/portal1\/?product=hp-pavilion-x360-14-convertible-2-in-1-laptop#breadcrumb\"},\"inLanguage\":\"es\",\"potentialAction\":[{\"@type\":\"ReadAction\",\"target\":[\"https:\/\/tecnoinformatica-ec.com\/portal1\/?product=hp-pavilion-x360-14-convertible-2-in-1-laptop\"]}]},{\"@type\":\"ImageObject\",\"inLanguage\":\"es\",\"@id\":\"https:\/\/tecnoinformatica-ec.com\/portal1\/?product=hp-pavilion-x360-14-convertible-2-in-1-laptop#primaryimage\",\"url\":\"https:\/\/tecnoinformatica-ec.com\/portal1\/wp-content\/uploads\/2021\/09\/CSCC.png\",\"contentUrl\":\"https:\/\/tecnoinformatica-ec.com\/portal1\/wp-content\/uploads\/2021\/09\/CSCC.png\",\"width\":5001,\"height\":3980},{\"@type\":\"BreadcrumbList\",\"@id\":\"https:\/\/tecnoinformatica-ec.com\/portal1\/?product=hp-pavilion-x360-14-convertible-2-in-1-laptop#breadcrumb\",\"itemListElement\":[{\"@type\":\"ListItem\",\"position\":1,\"name\":\"Portada\",\"item\":\"https:\/\/tecnoinformatica-ec.com\/portal1\/\"},{\"@type\":\"ListItem\",\"position\":2,\"name\":\"Shop\",\"item\":\"https:\/\/tecnoinformatica-ec.com\/portal1\/?page_id=1788\"},{\"@type\":\"ListItem\",\"position\":3,\"name\":\"Mouse Vertical\/Wireless\/KLIP XTREME\/KMW-390\"}]},{\"@type\":\"WebSite\",\"@id\":\"https:\/\/tecnoinformatica-ec.com\/portal1\/#website\",\"url\":\"https:\/\/tecnoinformatica-ec.com\/portal1\/\",\"name\":\"TECNOINFORMATICA\",\"description\":\"La mejor soluci\u00f3n en Comptaci\u00f3n para usted\",\"potentialAction\":[{\"@type\":\"SearchAction\",\"target\":{\"@type\":\"EntryPoint\",\"urlTemplate\":\"https:\/\/tecnoinformatica-ec.com\/portal1\/?s={search_term_string}\"},\"query-input\":{\"@type\":\"PropertyValueSpecification\",\"valueRequired\":true,\"valueName\":\"search_term_string\"}}],\"inLanguage\":\"es\"}]}<\/script>\n<!-- \/ Yoast SEO plugin. -->","yoast_head_json":{"title":"Mouse Vertical\/Wireless\/KLIP XTREME\/KMW-390 - TECNOINFORMATICA","robots":{"index":"index","follow":"follow","max-snippet":"max-snippet:-1","max-image-preview":"max-image-preview:large","max-video-preview":"max-video-preview:-1"},"canonical":"https:\/\/tecnoinformatica-ec.com\/portal1\/?product=hp-pavilion-x360-14-convertible-2-in-1-laptop","og_locale":"es_ES","og_type":"article","og_title":"Mouse Vertical\/Wireless\/KLIP XTREME\/KMW-390 - TECNOINFORMATICA","og_description":"Tipo de bater\u00eda: 2 bater\u00edas tama\u00f1o AAA (incluidas)  pesos: 138g  RF t\u00e9cnico: 2,4 GHz","og_url":"https:\/\/tecnoinformatica-ec.com\/portal1\/?product=hp-pavilion-x360-14-convertible-2-in-1-laptop","og_site_name":"TECNOINFORMATICA","article_modified_time":"2022-09-23T21:42:59+00:00","og_image":[{"width":5001,"height":3980,"url":"https:\/\/tecnoinformatica-ec.com\/portal1\/wp-content\/uploads\/2021\/09\/CSCC.png","type":"image\/png"}],"twitter_card":"summary_large_image","twitter_misc":{"Tiempo de lectura":"1 minuto"},"schema":{"@context":"https:\/\/schema.org","@graph":[{"@type":"WebPage","@id":"https:\/\/tecnoinformatica-ec.com\/portal1\/?product=hp-pavilion-x360-14-convertible-2-in-1-laptop","url":"https:\/\/tecnoinformatica-ec.com\/portal1\/?product=hp-pavilion-x360-14-convertible-2-in-1-laptop","name":"Mouse Vertical\/Wireless\/KLIP XTREME\/KMW-390 - TECNOINFORMATICA","isPartOf":{"@id":"https:\/\/tecnoinformatica-ec.com\/portal1\/#website"},"primaryImageOfPage":{"@id":"https:\/\/tecnoinformatica-ec.com\/portal1\/?product=hp-pavilion-x360-14-convertible-2-in-1-laptop#primaryimage"},"image":{"@id":"https:\/\/tecnoinformatica-ec.com\/portal1\/?product=hp-pavilion-x360-14-convertible-2-in-1-laptop#primaryimage"},"thumbnailUrl":"https:\/\/tecnoinformatica-ec.com\/portal1\/wp-content\/uploads\/2021\/09\/CSCC.png","datePublished":"2021-09-09T07:19:11+00:00","dateModified":"2022-09-23T21:42:59+00:00","breadcrumb":{"@id":"https:\/\/tecnoinformatica-ec.com\/portal1\/?product=hp-pavilion-x360-14-convertible-2-in-1-laptop#breadcrumb"},"inLanguage":"es","potentialAction":[{"@type":"ReadAction","target":["https:\/\/tecnoinformatica-ec.com\/portal1\/?product=hp-pavilion-x360-14-convertible-2-in-1-laptop"]}]},{"@type":"ImageObject","inLanguage":"es","@id":"https:\/\/tecnoinformatica-ec.com\/portal1\/?product=hp-pavilion-x360-14-convertible-2-in-1-laptop#primaryimage","url":"https:\/\/tecnoinformatica-ec.com\/portal1\/wp-content\/uploads\/2021\/09\/CSCC.png","contentUrl":"https:\/\/tecnoinformatica-ec.com\/portal1\/wp-content\/uploads\/2021\/09\/CSCC.png","width":5001,"height":3980},{"@type":"BreadcrumbList","@id":"https:\/\/tecnoinformatica-ec.com\/portal1\/?product=hp-pavilion-x360-14-convertible-2-in-1-laptop#breadcrumb","itemListElement":[{"@type":"ListItem","position":1,"name":"Portada","item":"https:\/\/tecnoinformatica-ec.com\/portal1\/"},{"@type":"ListItem","position":2,"name":"Shop","item":"https:\/\/tecnoinformatica-ec.com\/portal1\/?page_id=1788"},{"@type":"ListItem","position":3,"name":"Mouse Vertical\/Wireless\/KLIP XTREME\/KMW-390"}]},{"@type":"WebSite","@id":"https:\/\/tecnoinformatica-ec.com\/portal1\/#website","url":"https:\/\/tecnoinformatica-ec.com\/portal1\/","name":"TECNOINFORMATICA","description":"La mejor soluci\u00f3n en Comptaci\u00f3n para usted","potentialAction":[{"@type":"SearchAction","target":{"@type":"EntryPoint","urlTemplate":"https:\/\/tecnoinformatica-ec.com\/portal1\/?s={search_term_string}"},"query-input":{"@type":"PropertyValueSpecification","valueRequired":true,"valueName":"search_term_string"}}],"inLanguage":"es"}]}},"_links":{"self":[{"href":"https:\/\/tecnoinformatica-ec.com\/portal1\/index.php?rest_route=\/wp\/v2\/product\/364","targetHints":{"allow":["GET"]}}],"collection":[{"href":"https:\/\/tecnoinformatica-ec.com\/portal1\/index.php?rest_route=\/wp\/v2\/product"}],"about":[{"href":"https:\/\/tecnoinformatica-ec.com\/portal1\/index.php?rest_route=\/wp\/v2\/types\/product"}],"replies":[{"embeddable":true,"href":"https:\/\/tecnoinformatica-ec.com\/portal1\/index.php?rest_route=%2Fwp%2Fv2%2Fcomments&post=364"}],"version-history":[{"count":2,"href":"https:\/\/tecnoinformatica-ec.com\/portal1\/index.php?rest_route=\/wp\/v2\/product\/364\/revisions"}],"predecessor-version":[{"id":4131,"href":"https:\/\/tecnoinformatica-ec.com\/portal1\/index.php?rest_route=\/wp\/v2\/product\/364\/revisions\/4131"}],"wp:featuredmedia":[{"embeddable":true,"href":"https:\/\/tecnoinformatica-ec.com\/portal1\/index.php?rest_route=\/wp\/v2\/media\/4126"}],"wp:attachment":[{"href":"https:\/\/tecnoinformatica-ec.com\/portal1\/index.php?rest_route=%2Fwp%2Fv2%2Fmedia&parent=364"}],"wp:term":[{"taxonomy":"product_brand","embeddable":true,"href":"https:\/\/tecnoinformatica-ec.com\/portal1\/index.php?rest_route=%2Fwp%2Fv2%2Fproduct_brand&post=364"},{"taxonomy":"product_cat","embeddable":true,"href":"https:\/\/tecnoinformatica-ec.com\/portal1\/index.php?rest_route=%2Fwp%2Fv2%2Fproduct_cat&post=364"},{"taxonomy":"product_tag","embeddable":true,"href":"https:\/\/tecnoinformatica-ec.com\/portal1\/index.php?rest_route=%2Fwp%2Fv2%2Fproduct_tag&post=364"}],"curies":[{"name":"wp","href":"https:\/\/api.w.org\/{rel}","templated":true}]}}