{"id":435,"date":"2021-09-09T08:10:48","date_gmt":"2021-09-09T08:10:48","guid":{"rendered":"http:\/\/localhost\/machic\/?post_type=product&#038;p=435"},"modified":"2022-09-22T22:09:36","modified_gmt":"2022-09-23T03:09:36","slug":"bose-quietcomfort-noise-cancelling-earbuds-black","status":"publish","type":"product","link":"https:\/\/tecnoinformatica-ec.com\/portal1\/?product=bose-quietcomfort-noise-cancelling-earbuds-black","title":{"rendered":"Auriculares Inal\u00e1mbricos Xtratech Air Pods Red"},"content":{"rendered":"<p>Auriculares Inal\u00e1mbricos Xtratech Air Pods Red<\/p>\n<p>Caracter\u00edsticas:<\/p>\n<ul>\n<li>Bluetooth 5.0<\/li>\n<li>Bateria:35mAH<\/li>\n<li>Reproducci\u00f3n:3 horas<\/li>\n<li>Distancia:10 metros<\/li>\n<li>Listo para llamadas manos libres<\/li>\n<\/ul>\n","protected":false},"excerpt":{"rendered":"<ul>\n<li>Reproducci\u00f3n tres horas<\/li>\n<li>Bater\u00eda: 35mAH<\/li>\n<li class=\"SpecHighlights-list-label\">Distancia: 10m<\/li>\n<\/ul>\n","protected":false},"featured_media":4011,"comment_status":"open","ping_status":"closed","template":"","meta":[],"product_brand":[],"product_cat":[289,288,256],"product_tag":[],"class_list":{"0":"post-435","1":"product","2":"type-product","3":"status-publish","4":"has-post-thumbnail","6":"product_cat-audifonos-inalambricos","7":"product_cat-audio-sonido","8":"product_cat-mas-vendidos","10":"first","11":"instock","12":"taxable","13":"shipping-taxable","14":"purchasable","15":"product-type-simple"},"yoast_head":"<!-- This site is optimized with the Yoast SEO plugin v26.0 - https:\/\/yoast.com\/wordpress\/plugins\/seo\/ -->\n<title>Auriculares Inal\u00e1mbricos Xtratech Air Pods Red - TECNOINFORMATICA<\/title>\n<meta name=\"robots\" content=\"index, follow, max-snippet:-1, max-image-preview:large, max-video-preview:-1\" \/>\n<link rel=\"canonical\" href=\"https:\/\/tecnoinformatica-ec.com\/portal1\/?product=bose-quietcomfort-noise-cancelling-earbuds-black\" \/>\n<meta property=\"og:locale\" content=\"es_ES\" \/>\n<meta property=\"og:type\" content=\"article\" \/>\n<meta property=\"og:title\" content=\"Auriculares Inal\u00e1mbricos Xtratech Air Pods Red - TECNOINFORMATICA\" \/>\n<meta property=\"og:description\" content=\"Reproducci\u00f3n tres horas  Bater\u00eda: 35mAH  Distancia: 10m\" \/>\n<meta property=\"og:url\" content=\"https:\/\/tecnoinformatica-ec.com\/portal1\/?product=bose-quietcomfort-noise-cancelling-earbuds-black\" \/>\n<meta property=\"og:site_name\" content=\"TECNOINFORMATICA\" \/>\n<meta property=\"article:modified_time\" content=\"2022-09-23T03:09:36+00:00\" \/>\n<meta property=\"og:image\" content=\"https:\/\/tecnoinformatica-ec.com\/portal1\/wp-content\/uploads\/2021\/09\/dsads.png\" \/>\n\t<meta property=\"og:image:width\" content=\"3198\" \/>\n\t<meta property=\"og:image:height\" content=\"3126\" \/>\n\t<meta property=\"og:image:type\" content=\"image\/png\" \/>\n<meta name=\"twitter:card\" content=\"summary_large_image\" \/>\n<meta name=\"twitter:label1\" content=\"Tiempo de lectura\" \/>\n\t<meta name=\"twitter:data1\" content=\"1 minuto\" \/>\n<script type=\"application\/ld+json\" class=\"yoast-schema-graph\">{\"@context\":\"https:\/\/schema.org\",\"@graph\":[{\"@type\":\"WebPage\",\"@id\":\"https:\/\/tecnoinformatica-ec.com\/portal1\/?product=bose-quietcomfort-noise-cancelling-earbuds-black\",\"url\":\"https:\/\/tecnoinformatica-ec.com\/portal1\/?product=bose-quietcomfort-noise-cancelling-earbuds-black\",\"name\":\"Auriculares Inal\u00e1mbricos Xtratech Air Pods Red - TECNOINFORMATICA\",\"isPartOf\":{\"@id\":\"https:\/\/tecnoinformatica-ec.com\/portal1\/#website\"},\"primaryImageOfPage\":{\"@id\":\"https:\/\/tecnoinformatica-ec.com\/portal1\/?product=bose-quietcomfort-noise-cancelling-earbuds-black#primaryimage\"},\"image\":{\"@id\":\"https:\/\/tecnoinformatica-ec.com\/portal1\/?product=bose-quietcomfort-noise-cancelling-earbuds-black#primaryimage\"},\"thumbnailUrl\":\"https:\/\/tecnoinformatica-ec.com\/portal1\/wp-content\/uploads\/2021\/09\/dsads.png\",\"datePublished\":\"2021-09-09T08:10:48+00:00\",\"dateModified\":\"2022-09-23T03:09:36+00:00\",\"breadcrumb\":{\"@id\":\"https:\/\/tecnoinformatica-ec.com\/portal1\/?product=bose-quietcomfort-noise-cancelling-earbuds-black#breadcrumb\"},\"inLanguage\":\"es\",\"potentialAction\":[{\"@type\":\"ReadAction\",\"target\":[\"https:\/\/tecnoinformatica-ec.com\/portal1\/?product=bose-quietcomfort-noise-cancelling-earbuds-black\"]}]},{\"@type\":\"ImageObject\",\"inLanguage\":\"es\",\"@id\":\"https:\/\/tecnoinformatica-ec.com\/portal1\/?product=bose-quietcomfort-noise-cancelling-earbuds-black#primaryimage\",\"url\":\"https:\/\/tecnoinformatica-ec.com\/portal1\/wp-content\/uploads\/2021\/09\/dsads.png\",\"contentUrl\":\"https:\/\/tecnoinformatica-ec.com\/portal1\/wp-content\/uploads\/2021\/09\/dsads.png\",\"width\":3198,\"height\":3126},{\"@type\":\"BreadcrumbList\",\"@id\":\"https:\/\/tecnoinformatica-ec.com\/portal1\/?product=bose-quietcomfort-noise-cancelling-earbuds-black#breadcrumb\",\"itemListElement\":[{\"@type\":\"ListItem\",\"position\":1,\"name\":\"Portada\",\"item\":\"https:\/\/tecnoinformatica-ec.com\/portal1\/\"},{\"@type\":\"ListItem\",\"position\":2,\"name\":\"Shop\",\"item\":\"https:\/\/tecnoinformatica-ec.com\/portal1\/?page_id=1788\"},{\"@type\":\"ListItem\",\"position\":3,\"name\":\"Auriculares Inal\u00e1mbricos Xtratech Air Pods Red\"}]},{\"@type\":\"WebSite\",\"@id\":\"https:\/\/tecnoinformatica-ec.com\/portal1\/#website\",\"url\":\"https:\/\/tecnoinformatica-ec.com\/portal1\/\",\"name\":\"TECNOINFORMATICA\",\"description\":\"La mejor soluci\u00f3n en Comptaci\u00f3n para usted\",\"potentialAction\":[{\"@type\":\"SearchAction\",\"target\":{\"@type\":\"EntryPoint\",\"urlTemplate\":\"https:\/\/tecnoinformatica-ec.com\/portal1\/?s={search_term_string}\"},\"query-input\":{\"@type\":\"PropertyValueSpecification\",\"valueRequired\":true,\"valueName\":\"search_term_string\"}}],\"inLanguage\":\"es\"}]}<\/script>\n<!-- \/ Yoast SEO plugin. -->","yoast_head_json":{"title":"Auriculares Inal\u00e1mbricos Xtratech Air Pods Red - TECNOINFORMATICA","robots":{"index":"index","follow":"follow","max-snippet":"max-snippet:-1","max-image-preview":"max-image-preview:large","max-video-preview":"max-video-preview:-1"},"canonical":"https:\/\/tecnoinformatica-ec.com\/portal1\/?product=bose-quietcomfort-noise-cancelling-earbuds-black","og_locale":"es_ES","og_type":"article","og_title":"Auriculares Inal\u00e1mbricos Xtratech Air Pods Red - TECNOINFORMATICA","og_description":"Reproducci\u00f3n tres horas  Bater\u00eda: 35mAH  Distancia: 10m","og_url":"https:\/\/tecnoinformatica-ec.com\/portal1\/?product=bose-quietcomfort-noise-cancelling-earbuds-black","og_site_name":"TECNOINFORMATICA","article_modified_time":"2022-09-23T03:09:36+00:00","og_image":[{"width":3198,"height":3126,"url":"https:\/\/tecnoinformatica-ec.com\/portal1\/wp-content\/uploads\/2021\/09\/dsads.png","type":"image\/png"}],"twitter_card":"summary_large_image","twitter_misc":{"Tiempo de lectura":"1 minuto"},"schema":{"@context":"https:\/\/schema.org","@graph":[{"@type":"WebPage","@id":"https:\/\/tecnoinformatica-ec.com\/portal1\/?product=bose-quietcomfort-noise-cancelling-earbuds-black","url":"https:\/\/tecnoinformatica-ec.com\/portal1\/?product=bose-quietcomfort-noise-cancelling-earbuds-black","name":"Auriculares Inal\u00e1mbricos Xtratech Air Pods Red - TECNOINFORMATICA","isPartOf":{"@id":"https:\/\/tecnoinformatica-ec.com\/portal1\/#website"},"primaryImageOfPage":{"@id":"https:\/\/tecnoinformatica-ec.com\/portal1\/?product=bose-quietcomfort-noise-cancelling-earbuds-black#primaryimage"},"image":{"@id":"https:\/\/tecnoinformatica-ec.com\/portal1\/?product=bose-quietcomfort-noise-cancelling-earbuds-black#primaryimage"},"thumbnailUrl":"https:\/\/tecnoinformatica-ec.com\/portal1\/wp-content\/uploads\/2021\/09\/dsads.png","datePublished":"2021-09-09T08:10:48+00:00","dateModified":"2022-09-23T03:09:36+00:00","breadcrumb":{"@id":"https:\/\/tecnoinformatica-ec.com\/portal1\/?product=bose-quietcomfort-noise-cancelling-earbuds-black#breadcrumb"},"inLanguage":"es","potentialAction":[{"@type":"ReadAction","target":["https:\/\/tecnoinformatica-ec.com\/portal1\/?product=bose-quietcomfort-noise-cancelling-earbuds-black"]}]},{"@type":"ImageObject","inLanguage":"es","@id":"https:\/\/tecnoinformatica-ec.com\/portal1\/?product=bose-quietcomfort-noise-cancelling-earbuds-black#primaryimage","url":"https:\/\/tecnoinformatica-ec.com\/portal1\/wp-content\/uploads\/2021\/09\/dsads.png","contentUrl":"https:\/\/tecnoinformatica-ec.com\/portal1\/wp-content\/uploads\/2021\/09\/dsads.png","width":3198,"height":3126},{"@type":"BreadcrumbList","@id":"https:\/\/tecnoinformatica-ec.com\/portal1\/?product=bose-quietcomfort-noise-cancelling-earbuds-black#breadcrumb","itemListElement":[{"@type":"ListItem","position":1,"name":"Portada","item":"https:\/\/tecnoinformatica-ec.com\/portal1\/"},{"@type":"ListItem","position":2,"name":"Shop","item":"https:\/\/tecnoinformatica-ec.com\/portal1\/?page_id=1788"},{"@type":"ListItem","position":3,"name":"Auriculares Inal\u00e1mbricos Xtratech Air Pods Red"}]},{"@type":"WebSite","@id":"https:\/\/tecnoinformatica-ec.com\/portal1\/#website","url":"https:\/\/tecnoinformatica-ec.com\/portal1\/","name":"TECNOINFORMATICA","description":"La mejor soluci\u00f3n en Comptaci\u00f3n para usted","potentialAction":[{"@type":"SearchAction","target":{"@type":"EntryPoint","urlTemplate":"https:\/\/tecnoinformatica-ec.com\/portal1\/?s={search_term_string}"},"query-input":{"@type":"PropertyValueSpecification","valueRequired":true,"valueName":"search_term_string"}}],"inLanguage":"es"}]}},"_links":{"self":[{"href":"https:\/\/tecnoinformatica-ec.com\/portal1\/index.php?rest_route=\/wp\/v2\/product\/435","targetHints":{"allow":["GET"]}}],"collection":[{"href":"https:\/\/tecnoinformatica-ec.com\/portal1\/index.php?rest_route=\/wp\/v2\/product"}],"about":[{"href":"https:\/\/tecnoinformatica-ec.com\/portal1\/index.php?rest_route=\/wp\/v2\/types\/product"}],"replies":[{"embeddable":true,"href":"https:\/\/tecnoinformatica-ec.com\/portal1\/index.php?rest_route=%2Fwp%2Fv2%2Fcomments&post=435"}],"version-history":[{"count":2,"href":"https:\/\/tecnoinformatica-ec.com\/portal1\/index.php?rest_route=\/wp\/v2\/product\/435\/revisions"}],"predecessor-version":[{"id":4015,"href":"https:\/\/tecnoinformatica-ec.com\/portal1\/index.php?rest_route=\/wp\/v2\/product\/435\/revisions\/4015"}],"wp:featuredmedia":[{"embeddable":true,"href":"https:\/\/tecnoinformatica-ec.com\/portal1\/index.php?rest_route=\/wp\/v2\/media\/4011"}],"wp:attachment":[{"href":"https:\/\/tecnoinformatica-ec.com\/portal1\/index.php?rest_route=%2Fwp%2Fv2%2Fmedia&parent=435"}],"wp:term":[{"taxonomy":"product_brand","embeddable":true,"href":"https:\/\/tecnoinformatica-ec.com\/portal1\/index.php?rest_route=%2Fwp%2Fv2%2Fproduct_brand&post=435"},{"taxonomy":"product_cat","embeddable":true,"href":"https:\/\/tecnoinformatica-ec.com\/portal1\/index.php?rest_route=%2Fwp%2Fv2%2Fproduct_cat&post=435"},{"taxonomy":"product_tag","embeddable":true,"href":"https:\/\/tecnoinformatica-ec.com\/portal1\/index.php?rest_route=%2Fwp%2Fv2%2Fproduct_tag&post=435"}],"curies":[{"name":"wp","href":"https:\/\/api.w.org\/{rel}","templated":true}]}}