{"id":4529,"date":"2022-10-31T16:23:38","date_gmt":"2022-10-31T21:23:38","guid":{"rendered":"https:\/\/tecnoinformatica-ec.com\/portal1\/?post_type=product&#038;p=4529"},"modified":"2022-10-31T16:39:50","modified_gmt":"2022-10-31T21:39:50","slug":"estuche-para-camara-cybershot-lcs-bde","status":"publish","type":"product","link":"https:\/\/tecnoinformatica-ec.com\/portal1\/?product=estuche-para-camara-cybershot-lcs-bde","title":{"rendered":"Estuche para c\u00e1mara Cybershot LCS-BDE"},"content":{"rendered":"<p>Estuche para c\u00e1mara Cybershot LCS-BDE<\/p>\n<p>Caracteristicas:<\/p>\n<ul>\n<li><span class=\"a-list-item\">General funda de transporte para c\u00e1mara fina Cyber-shot<\/span><\/li>\n<li><span class=\"a-list-item\">Almacenamiento para Memory Stick media &amp; bater\u00eda extra<\/span><\/li>\n<li><span class=\"a-list-item\">Casual y ligero<\/span><\/li>\n<li><span class=\"a-list-item\">Caracter\u00edsticas para cintur\u00f3n para f\u00e1cil transporte<\/span><\/li>\n<li><span class=\"a-list-item\">Dimensiones: 4.38 x 3 pulgadas<\/span><\/li>\n<\/ul>\n","protected":false},"excerpt":{"rendered":"<ul>\n<li>Color: Negro<\/li>\n<li>Marca: Sony<\/li>\n<\/ul>\n","protected":false},"featured_media":4530,"comment_status":"open","ping_status":"closed","template":"","meta":[],"product_brand":[],"product_cat":[281,285],"product_tag":[],"class_list":{"0":"post-4529","1":"product","2":"type-product","3":"status-publish","4":"has-post-thumbnail","6":"product_cat-acessorios","7":"product_cat-fundas-y-mochilas","9":"first","10":"instock","11":"sale","12":"taxable","13":"shipping-taxable","14":"purchasable","15":"product-type-simple"},"yoast_head":"<!-- This site is optimized with the Yoast SEO plugin v26.0 - https:\/\/yoast.com\/wordpress\/plugins\/seo\/ -->\n<title>Estuche para c\u00e1mara Cybershot LCS-BDE - TECNOINFORMATICA<\/title>\n<meta name=\"robots\" content=\"index, follow, max-snippet:-1, max-image-preview:large, max-video-preview:-1\" \/>\n<link rel=\"canonical\" href=\"https:\/\/tecnoinformatica-ec.com\/portal1\/?product=estuche-para-camara-cybershot-lcs-bde\" \/>\n<meta property=\"og:locale\" content=\"es_ES\" \/>\n<meta property=\"og:type\" content=\"article\" \/>\n<meta property=\"og:title\" content=\"Estuche para c\u00e1mara Cybershot LCS-BDE - TECNOINFORMATICA\" \/>\n<meta property=\"og:description\" content=\"Color: Negro  Marca: Sony\" \/>\n<meta property=\"og:url\" content=\"https:\/\/tecnoinformatica-ec.com\/portal1\/?product=estuche-para-camara-cybershot-lcs-bde\" \/>\n<meta property=\"og:site_name\" content=\"TECNOINFORMATICA\" \/>\n<meta property=\"article:modified_time\" content=\"2022-10-31T21:39:50+00:00\" \/>\n<meta property=\"og:image\" content=\"https:\/\/tecnoinformatica-ec.com\/portal1\/wp-content\/uploads\/2022\/10\/Sin-titulo-1-1.png\" \/>\n\t<meta property=\"og:image:width\" content=\"1913\" \/>\n\t<meta property=\"og:image:height\" content=\"1651\" \/>\n\t<meta property=\"og:image:type\" content=\"image\/png\" \/>\n<meta name=\"twitter:card\" content=\"summary_large_image\" \/>\n<meta name=\"twitter:label1\" content=\"Tiempo de lectura\" \/>\n\t<meta name=\"twitter:data1\" content=\"1 minuto\" \/>\n<script type=\"application\/ld+json\" class=\"yoast-schema-graph\">{\"@context\":\"https:\/\/schema.org\",\"@graph\":[{\"@type\":\"WebPage\",\"@id\":\"https:\/\/tecnoinformatica-ec.com\/portal1\/?product=estuche-para-camara-cybershot-lcs-bde\",\"url\":\"https:\/\/tecnoinformatica-ec.com\/portal1\/?product=estuche-para-camara-cybershot-lcs-bde\",\"name\":\"Estuche para c\u00e1mara Cybershot LCS-BDE - TECNOINFORMATICA\",\"isPartOf\":{\"@id\":\"https:\/\/tecnoinformatica-ec.com\/portal1\/#website\"},\"primaryImageOfPage\":{\"@id\":\"https:\/\/tecnoinformatica-ec.com\/portal1\/?product=estuche-para-camara-cybershot-lcs-bde#primaryimage\"},\"image\":{\"@id\":\"https:\/\/tecnoinformatica-ec.com\/portal1\/?product=estuche-para-camara-cybershot-lcs-bde#primaryimage\"},\"thumbnailUrl\":\"https:\/\/tecnoinformatica-ec.com\/portal1\/wp-content\/uploads\/2022\/10\/Sin-titulo-1-1.png\",\"datePublished\":\"2022-10-31T21:23:38+00:00\",\"dateModified\":\"2022-10-31T21:39:50+00:00\",\"breadcrumb\":{\"@id\":\"https:\/\/tecnoinformatica-ec.com\/portal1\/?product=estuche-para-camara-cybershot-lcs-bde#breadcrumb\"},\"inLanguage\":\"es\",\"potentialAction\":[{\"@type\":\"ReadAction\",\"target\":[\"https:\/\/tecnoinformatica-ec.com\/portal1\/?product=estuche-para-camara-cybershot-lcs-bde\"]}]},{\"@type\":\"ImageObject\",\"inLanguage\":\"es\",\"@id\":\"https:\/\/tecnoinformatica-ec.com\/portal1\/?product=estuche-para-camara-cybershot-lcs-bde#primaryimage\",\"url\":\"https:\/\/tecnoinformatica-ec.com\/portal1\/wp-content\/uploads\/2022\/10\/Sin-titulo-1-1.png\",\"contentUrl\":\"https:\/\/tecnoinformatica-ec.com\/portal1\/wp-content\/uploads\/2022\/10\/Sin-titulo-1-1.png\",\"width\":1913,\"height\":1651},{\"@type\":\"BreadcrumbList\",\"@id\":\"https:\/\/tecnoinformatica-ec.com\/portal1\/?product=estuche-para-camara-cybershot-lcs-bde#breadcrumb\",\"itemListElement\":[{\"@type\":\"ListItem\",\"position\":1,\"name\":\"Portada\",\"item\":\"https:\/\/tecnoinformatica-ec.com\/portal1\/\"},{\"@type\":\"ListItem\",\"position\":2,\"name\":\"Shop\",\"item\":\"https:\/\/tecnoinformatica-ec.com\/portal1\/?page_id=1788\"},{\"@type\":\"ListItem\",\"position\":3,\"name\":\"Estuche para c\u00e1mara Cybershot LCS-BDE\"}]},{\"@type\":\"WebSite\",\"@id\":\"https:\/\/tecnoinformatica-ec.com\/portal1\/#website\",\"url\":\"https:\/\/tecnoinformatica-ec.com\/portal1\/\",\"name\":\"TECNOINFORMATICA\",\"description\":\"La mejor soluci\u00f3n en Comptaci\u00f3n para usted\",\"potentialAction\":[{\"@type\":\"SearchAction\",\"target\":{\"@type\":\"EntryPoint\",\"urlTemplate\":\"https:\/\/tecnoinformatica-ec.com\/portal1\/?s={search_term_string}\"},\"query-input\":{\"@type\":\"PropertyValueSpecification\",\"valueRequired\":true,\"valueName\":\"search_term_string\"}}],\"inLanguage\":\"es\"}]}<\/script>\n<!-- \/ Yoast SEO plugin. -->","yoast_head_json":{"title":"Estuche para c\u00e1mara Cybershot LCS-BDE - TECNOINFORMATICA","robots":{"index":"index","follow":"follow","max-snippet":"max-snippet:-1","max-image-preview":"max-image-preview:large","max-video-preview":"max-video-preview:-1"},"canonical":"https:\/\/tecnoinformatica-ec.com\/portal1\/?product=estuche-para-camara-cybershot-lcs-bde","og_locale":"es_ES","og_type":"article","og_title":"Estuche para c\u00e1mara Cybershot LCS-BDE - TECNOINFORMATICA","og_description":"Color: Negro  Marca: Sony","og_url":"https:\/\/tecnoinformatica-ec.com\/portal1\/?product=estuche-para-camara-cybershot-lcs-bde","og_site_name":"TECNOINFORMATICA","article_modified_time":"2022-10-31T21:39:50+00:00","og_image":[{"width":1913,"height":1651,"url":"https:\/\/tecnoinformatica-ec.com\/portal1\/wp-content\/uploads\/2022\/10\/Sin-titulo-1-1.png","type":"image\/png"}],"twitter_card":"summary_large_image","twitter_misc":{"Tiempo de lectura":"1 minuto"},"schema":{"@context":"https:\/\/schema.org","@graph":[{"@type":"WebPage","@id":"https:\/\/tecnoinformatica-ec.com\/portal1\/?product=estuche-para-camara-cybershot-lcs-bde","url":"https:\/\/tecnoinformatica-ec.com\/portal1\/?product=estuche-para-camara-cybershot-lcs-bde","name":"Estuche para c\u00e1mara Cybershot LCS-BDE - TECNOINFORMATICA","isPartOf":{"@id":"https:\/\/tecnoinformatica-ec.com\/portal1\/#website"},"primaryImageOfPage":{"@id":"https:\/\/tecnoinformatica-ec.com\/portal1\/?product=estuche-para-camara-cybershot-lcs-bde#primaryimage"},"image":{"@id":"https:\/\/tecnoinformatica-ec.com\/portal1\/?product=estuche-para-camara-cybershot-lcs-bde#primaryimage"},"thumbnailUrl":"https:\/\/tecnoinformatica-ec.com\/portal1\/wp-content\/uploads\/2022\/10\/Sin-titulo-1-1.png","datePublished":"2022-10-31T21:23:38+00:00","dateModified":"2022-10-31T21:39:50+00:00","breadcrumb":{"@id":"https:\/\/tecnoinformatica-ec.com\/portal1\/?product=estuche-para-camara-cybershot-lcs-bde#breadcrumb"},"inLanguage":"es","potentialAction":[{"@type":"ReadAction","target":["https:\/\/tecnoinformatica-ec.com\/portal1\/?product=estuche-para-camara-cybershot-lcs-bde"]}]},{"@type":"ImageObject","inLanguage":"es","@id":"https:\/\/tecnoinformatica-ec.com\/portal1\/?product=estuche-para-camara-cybershot-lcs-bde#primaryimage","url":"https:\/\/tecnoinformatica-ec.com\/portal1\/wp-content\/uploads\/2022\/10\/Sin-titulo-1-1.png","contentUrl":"https:\/\/tecnoinformatica-ec.com\/portal1\/wp-content\/uploads\/2022\/10\/Sin-titulo-1-1.png","width":1913,"height":1651},{"@type":"BreadcrumbList","@id":"https:\/\/tecnoinformatica-ec.com\/portal1\/?product=estuche-para-camara-cybershot-lcs-bde#breadcrumb","itemListElement":[{"@type":"ListItem","position":1,"name":"Portada","item":"https:\/\/tecnoinformatica-ec.com\/portal1\/"},{"@type":"ListItem","position":2,"name":"Shop","item":"https:\/\/tecnoinformatica-ec.com\/portal1\/?page_id=1788"},{"@type":"ListItem","position":3,"name":"Estuche para c\u00e1mara Cybershot LCS-BDE"}]},{"@type":"WebSite","@id":"https:\/\/tecnoinformatica-ec.com\/portal1\/#website","url":"https:\/\/tecnoinformatica-ec.com\/portal1\/","name":"TECNOINFORMATICA","description":"La mejor soluci\u00f3n en Comptaci\u00f3n para usted","potentialAction":[{"@type":"SearchAction","target":{"@type":"EntryPoint","urlTemplate":"https:\/\/tecnoinformatica-ec.com\/portal1\/?s={search_term_string}"},"query-input":{"@type":"PropertyValueSpecification","valueRequired":true,"valueName":"search_term_string"}}],"inLanguage":"es"}]}},"_links":{"self":[{"href":"https:\/\/tecnoinformatica-ec.com\/portal1\/index.php?rest_route=\/wp\/v2\/product\/4529","targetHints":{"allow":["GET"]}}],"collection":[{"href":"https:\/\/tecnoinformatica-ec.com\/portal1\/index.php?rest_route=\/wp\/v2\/product"}],"about":[{"href":"https:\/\/tecnoinformatica-ec.com\/portal1\/index.php?rest_route=\/wp\/v2\/types\/product"}],"replies":[{"embeddable":true,"href":"https:\/\/tecnoinformatica-ec.com\/portal1\/index.php?rest_route=%2Fwp%2Fv2%2Fcomments&post=4529"}],"version-history":[{"count":1,"href":"https:\/\/tecnoinformatica-ec.com\/portal1\/index.php?rest_route=\/wp\/v2\/product\/4529\/revisions"}],"predecessor-version":[{"id":4532,"href":"https:\/\/tecnoinformatica-ec.com\/portal1\/index.php?rest_route=\/wp\/v2\/product\/4529\/revisions\/4532"}],"wp:featuredmedia":[{"embeddable":true,"href":"https:\/\/tecnoinformatica-ec.com\/portal1\/index.php?rest_route=\/wp\/v2\/media\/4530"}],"wp:attachment":[{"href":"https:\/\/tecnoinformatica-ec.com\/portal1\/index.php?rest_route=%2Fwp%2Fv2%2Fmedia&parent=4529"}],"wp:term":[{"taxonomy":"product_brand","embeddable":true,"href":"https:\/\/tecnoinformatica-ec.com\/portal1\/index.php?rest_route=%2Fwp%2Fv2%2Fproduct_brand&post=4529"},{"taxonomy":"product_cat","embeddable":true,"href":"https:\/\/tecnoinformatica-ec.com\/portal1\/index.php?rest_route=%2Fwp%2Fv2%2Fproduct_cat&post=4529"},{"taxonomy":"product_tag","embeddable":true,"href":"https:\/\/tecnoinformatica-ec.com\/portal1\/index.php?rest_route=%2Fwp%2Fv2%2Fproduct_tag&post=4529"}],"curies":[{"name":"wp","href":"https:\/\/api.w.org\/{rel}","templated":true}]}}