{"id":4540,"date":"2023-03-24T11:37:10","date_gmt":"2023-03-24T16:37:10","guid":{"rendered":"https:\/\/tecnoinformatica-ec.com\/portal1\/?post_type=product&#038;p=4540"},"modified":"2023-03-24T12:23:11","modified_gmt":"2023-03-24T17:23:11","slug":"mouse-inalambrico-ergonomico-microsoft","status":"publish","type":"product","link":"https:\/\/tecnoinformatica-ec.com\/portal1\/?product=mouse-inalambrico-ergonomico-microsoft","title":{"rendered":"Mouse Inal\u00e1mbrico Ergon\u00f3mico Microsoft"},"content":{"rendered":"<p>Mouse Microsoft Inal\u00e1mbrico Ergon\u00f3mico<\/p>\n<p>Caracter\u00edsticas:<\/p>\n<ul>\n<li>7 Botones<\/li>\n<li>Negro<\/li>\n<li>Bluethooth.<\/li>\n<li>Compatible con sistema operativo: Windows 7, 8, 8.1, 10, Mac OS X 10.8<\/li>\n<\/ul>\n","protected":false},"excerpt":{"rendered":"<ul>\n<li>Color: Black(Negro)<\/li>\n<li>Marca: Microsoft<\/li>\n<li>Modelo: Sculpt Comfort<\/li>\n<\/ul>\n","protected":false},"featured_media":0,"comment_status":"open","ping_status":"closed","template":"","meta":[],"product_brand":[],"product_cat":[281,287],"product_tag":[],"class_list":{"0":"post-4540","1":"product","2":"type-product","3":"status-publish","5":"product_cat-acessorios","6":"product_cat-mouse","8":"first","9":"instock","10":"taxable","11":"shipping-taxable","12":"purchasable","13":"product-type-simple"},"yoast_head":"<!-- This site is optimized with the Yoast SEO plugin v26.0 - https:\/\/yoast.com\/wordpress\/plugins\/seo\/ -->\n<title>Mouse Inal\u00e1mbrico Ergon\u00f3mico Microsoft - TECNOINFORMATICA<\/title>\n<meta name=\"robots\" content=\"index, follow, max-snippet:-1, max-image-preview:large, max-video-preview:-1\" \/>\n<link rel=\"canonical\" href=\"https:\/\/tecnoinformatica-ec.com\/portal1\/?product=mouse-inalambrico-ergonomico-microsoft\" \/>\n<meta property=\"og:locale\" content=\"es_ES\" \/>\n<meta property=\"og:type\" content=\"article\" \/>\n<meta property=\"og:title\" content=\"Mouse Inal\u00e1mbrico Ergon\u00f3mico Microsoft - TECNOINFORMATICA\" \/>\n<meta property=\"og:description\" content=\"Color: Black(Negro)  Marca: Microsoft  Modelo: Sculpt Comfort\" \/>\n<meta property=\"og:url\" content=\"https:\/\/tecnoinformatica-ec.com\/portal1\/?product=mouse-inalambrico-ergonomico-microsoft\" \/>\n<meta property=\"og:site_name\" content=\"TECNOINFORMATICA\" \/>\n<meta property=\"article:modified_time\" content=\"2023-03-24T17:23:11+00:00\" \/>\n<meta name=\"twitter:card\" content=\"summary_large_image\" \/>\n<meta name=\"twitter:label1\" content=\"Tiempo de lectura\" \/>\n\t<meta name=\"twitter:data1\" content=\"1 minuto\" \/>\n<script type=\"application\/ld+json\" class=\"yoast-schema-graph\">{\"@context\":\"https:\/\/schema.org\",\"@graph\":[{\"@type\":\"WebPage\",\"@id\":\"https:\/\/tecnoinformatica-ec.com\/portal1\/?product=mouse-inalambrico-ergonomico-microsoft\",\"url\":\"https:\/\/tecnoinformatica-ec.com\/portal1\/?product=mouse-inalambrico-ergonomico-microsoft\",\"name\":\"Mouse Inal\u00e1mbrico Ergon\u00f3mico Microsoft - TECNOINFORMATICA\",\"isPartOf\":{\"@id\":\"https:\/\/tecnoinformatica-ec.com\/portal1\/#website\"},\"datePublished\":\"2023-03-24T16:37:10+00:00\",\"dateModified\":\"2023-03-24T17:23:11+00:00\",\"breadcrumb\":{\"@id\":\"https:\/\/tecnoinformatica-ec.com\/portal1\/?product=mouse-inalambrico-ergonomico-microsoft#breadcrumb\"},\"inLanguage\":\"es\",\"potentialAction\":[{\"@type\":\"ReadAction\",\"target\":[\"https:\/\/tecnoinformatica-ec.com\/portal1\/?product=mouse-inalambrico-ergonomico-microsoft\"]}]},{\"@type\":\"BreadcrumbList\",\"@id\":\"https:\/\/tecnoinformatica-ec.com\/portal1\/?product=mouse-inalambrico-ergonomico-microsoft#breadcrumb\",\"itemListElement\":[{\"@type\":\"ListItem\",\"position\":1,\"name\":\"Portada\",\"item\":\"https:\/\/tecnoinformatica-ec.com\/portal1\/\"},{\"@type\":\"ListItem\",\"position\":2,\"name\":\"Shop\",\"item\":\"https:\/\/tecnoinformatica-ec.com\/portal1\/?page_id=1788\"},{\"@type\":\"ListItem\",\"position\":3,\"name\":\"Mouse Inal\u00e1mbrico Ergon\u00f3mico Microsoft\"}]},{\"@type\":\"WebSite\",\"@id\":\"https:\/\/tecnoinformatica-ec.com\/portal1\/#website\",\"url\":\"https:\/\/tecnoinformatica-ec.com\/portal1\/\",\"name\":\"TECNOINFORMATICA\",\"description\":\"La mejor soluci\u00f3n en Comptaci\u00f3n para usted\",\"potentialAction\":[{\"@type\":\"SearchAction\",\"target\":{\"@type\":\"EntryPoint\",\"urlTemplate\":\"https:\/\/tecnoinformatica-ec.com\/portal1\/?s={search_term_string}\"},\"query-input\":{\"@type\":\"PropertyValueSpecification\",\"valueRequired\":true,\"valueName\":\"search_term_string\"}}],\"inLanguage\":\"es\"}]}<\/script>\n<!-- \/ Yoast SEO plugin. -->","yoast_head_json":{"title":"Mouse Inal\u00e1mbrico Ergon\u00f3mico Microsoft - TECNOINFORMATICA","robots":{"index":"index","follow":"follow","max-snippet":"max-snippet:-1","max-image-preview":"max-image-preview:large","max-video-preview":"max-video-preview:-1"},"canonical":"https:\/\/tecnoinformatica-ec.com\/portal1\/?product=mouse-inalambrico-ergonomico-microsoft","og_locale":"es_ES","og_type":"article","og_title":"Mouse Inal\u00e1mbrico Ergon\u00f3mico Microsoft - TECNOINFORMATICA","og_description":"Color: Black(Negro)  Marca: Microsoft  Modelo: Sculpt Comfort","og_url":"https:\/\/tecnoinformatica-ec.com\/portal1\/?product=mouse-inalambrico-ergonomico-microsoft","og_site_name":"TECNOINFORMATICA","article_modified_time":"2023-03-24T17:23:11+00:00","twitter_card":"summary_large_image","twitter_misc":{"Tiempo de lectura":"1 minuto"},"schema":{"@context":"https:\/\/schema.org","@graph":[{"@type":"WebPage","@id":"https:\/\/tecnoinformatica-ec.com\/portal1\/?product=mouse-inalambrico-ergonomico-microsoft","url":"https:\/\/tecnoinformatica-ec.com\/portal1\/?product=mouse-inalambrico-ergonomico-microsoft","name":"Mouse Inal\u00e1mbrico Ergon\u00f3mico Microsoft - TECNOINFORMATICA","isPartOf":{"@id":"https:\/\/tecnoinformatica-ec.com\/portal1\/#website"},"datePublished":"2023-03-24T16:37:10+00:00","dateModified":"2023-03-24T17:23:11+00:00","breadcrumb":{"@id":"https:\/\/tecnoinformatica-ec.com\/portal1\/?product=mouse-inalambrico-ergonomico-microsoft#breadcrumb"},"inLanguage":"es","potentialAction":[{"@type":"ReadAction","target":["https:\/\/tecnoinformatica-ec.com\/portal1\/?product=mouse-inalambrico-ergonomico-microsoft"]}]},{"@type":"BreadcrumbList","@id":"https:\/\/tecnoinformatica-ec.com\/portal1\/?product=mouse-inalambrico-ergonomico-microsoft#breadcrumb","itemListElement":[{"@type":"ListItem","position":1,"name":"Portada","item":"https:\/\/tecnoinformatica-ec.com\/portal1\/"},{"@type":"ListItem","position":2,"name":"Shop","item":"https:\/\/tecnoinformatica-ec.com\/portal1\/?page_id=1788"},{"@type":"ListItem","position":3,"name":"Mouse Inal\u00e1mbrico Ergon\u00f3mico Microsoft"}]},{"@type":"WebSite","@id":"https:\/\/tecnoinformatica-ec.com\/portal1\/#website","url":"https:\/\/tecnoinformatica-ec.com\/portal1\/","name":"TECNOINFORMATICA","description":"La mejor soluci\u00f3n en Comptaci\u00f3n para usted","potentialAction":[{"@type":"SearchAction","target":{"@type":"EntryPoint","urlTemplate":"https:\/\/tecnoinformatica-ec.com\/portal1\/?s={search_term_string}"},"query-input":{"@type":"PropertyValueSpecification","valueRequired":true,"valueName":"search_term_string"}}],"inLanguage":"es"}]}},"_links":{"self":[{"href":"https:\/\/tecnoinformatica-ec.com\/portal1\/index.php?rest_route=\/wp\/v2\/product\/4540","targetHints":{"allow":["GET"]}}],"collection":[{"href":"https:\/\/tecnoinformatica-ec.com\/portal1\/index.php?rest_route=\/wp\/v2\/product"}],"about":[{"href":"https:\/\/tecnoinformatica-ec.com\/portal1\/index.php?rest_route=\/wp\/v2\/types\/product"}],"replies":[{"embeddable":true,"href":"https:\/\/tecnoinformatica-ec.com\/portal1\/index.php?rest_route=%2Fwp%2Fv2%2Fcomments&post=4540"}],"version-history":[{"count":1,"href":"https:\/\/tecnoinformatica-ec.com\/portal1\/index.php?rest_route=\/wp\/v2\/product\/4540\/revisions"}],"predecessor-version":[{"id":4541,"href":"https:\/\/tecnoinformatica-ec.com\/portal1\/index.php?rest_route=\/wp\/v2\/product\/4540\/revisions\/4541"}],"wp:attachment":[{"href":"https:\/\/tecnoinformatica-ec.com\/portal1\/index.php?rest_route=%2Fwp%2Fv2%2Fmedia&parent=4540"}],"wp:term":[{"taxonomy":"product_brand","embeddable":true,"href":"https:\/\/tecnoinformatica-ec.com\/portal1\/index.php?rest_route=%2Fwp%2Fv2%2Fproduct_brand&post=4540"},{"taxonomy":"product_cat","embeddable":true,"href":"https:\/\/tecnoinformatica-ec.com\/portal1\/index.php?rest_route=%2Fwp%2Fv2%2Fproduct_cat&post=4540"},{"taxonomy":"product_tag","embeddable":true,"href":"https:\/\/tecnoinformatica-ec.com\/portal1\/index.php?rest_route=%2Fwp%2Fv2%2Fproduct_tag&post=4540"}],"curies":[{"name":"wp","href":"https:\/\/api.w.org\/{rel}","templated":true}]}}