{"id":468,"date":"2021-09-09T08:45:14","date_gmt":"2021-09-09T13:45:14","guid":{"rendered":"http:\/\/localhost\/machic\/?post_type=product&#038;p=468"},"modified":"2022-09-23T12:00:58","modified_gmt":"2022-09-23T17:00:58","slug":"apple-usb-c-to-lightning-cable-2-0-1m","status":"publish","type":"product","link":"https:\/\/tecnoinformatica-ec.com\/portal1\/?product=apple-usb-c-to-lightning-cable-2-0-1m","title":{"rendered":"Teclado y Mouse Inal\u00e1mbricos Logitech MK270"},"content":{"rendered":"<p>Teclado y Mouse Inal\u00e1mbricos Logitech MK270<\/p>\n<p>Caracter\u00edsticas:<\/p>\n<p>\u25feCombo teclado y mouse<br \/>\n\u25feDuraci\u00f3n de pilas\/bater\u00edas: 24 Meses<br \/>\n\u25feTeclas suaves<br \/>\n\u25feConectividad: Unifying USB<br \/>\n\u25feCapacidad Inal\u00e1mbrica : Si<\/p>\n","protected":false},"excerpt":{"rendered":"<ul>\n<li>Inal\u00e1mbrico<\/li>\n<li>Negro<\/li>\n<li>Incluye Bater\u00eda<\/li>\n<\/ul>\n","protected":false},"featured_media":3930,"comment_status":"open","ping_status":"closed","template":"","meta":[],"product_brand":[],"product_cat":[286,255],"product_tag":[],"class_list":{"0":"post-468","1":"product","2":"type-product","3":"status-publish","4":"has-post-thumbnail","6":"product_cat-combo","7":"product_cat-computadoras","9":"first","10":"instock","11":"taxable","12":"shipping-taxable","13":"purchasable","14":"product-type-simple"},"yoast_head":"<!-- This site is optimized with the Yoast SEO plugin v26.0 - https:\/\/yoast.com\/wordpress\/plugins\/seo\/ -->\n<title>Teclado y Mouse Inal\u00e1mbricos Logitech MK270 - TECNOINFORMATICA<\/title>\n<meta name=\"robots\" content=\"index, follow, max-snippet:-1, max-image-preview:large, max-video-preview:-1\" \/>\n<link rel=\"canonical\" href=\"https:\/\/tecnoinformatica-ec.com\/portal1\/?product=apple-usb-c-to-lightning-cable-2-0-1m\" \/>\n<meta property=\"og:locale\" content=\"es_ES\" \/>\n<meta property=\"og:type\" content=\"article\" \/>\n<meta property=\"og:title\" content=\"Teclado y Mouse Inal\u00e1mbricos Logitech MK270 - TECNOINFORMATICA\" \/>\n<meta property=\"og:description\" content=\"Inal\u00e1mbrico  Negro  Incluye Bater\u00eda\" \/>\n<meta property=\"og:url\" content=\"https:\/\/tecnoinformatica-ec.com\/portal1\/?product=apple-usb-c-to-lightning-cable-2-0-1m\" \/>\n<meta property=\"og:site_name\" content=\"TECNOINFORMATICA\" \/>\n<meta property=\"article:modified_time\" content=\"2022-09-23T17:00:58+00:00\" \/>\n<meta property=\"og:image\" content=\"https:\/\/tecnoinformatica-ec.com\/portal1\/wp-content\/uploads\/2021\/09\/7665.png\" \/>\n\t<meta property=\"og:image:width\" content=\"3976\" \/>\n\t<meta property=\"og:image:height\" content=\"3112\" \/>\n\t<meta property=\"og:image:type\" content=\"image\/png\" \/>\n<meta name=\"twitter:card\" content=\"summary_large_image\" \/>\n<meta name=\"twitter:label1\" content=\"Tiempo de lectura\" \/>\n\t<meta name=\"twitter:data1\" content=\"1 minuto\" \/>\n<script type=\"application\/ld+json\" class=\"yoast-schema-graph\">{\"@context\":\"https:\/\/schema.org\",\"@graph\":[{\"@type\":\"WebPage\",\"@id\":\"https:\/\/tecnoinformatica-ec.com\/portal1\/?product=apple-usb-c-to-lightning-cable-2-0-1m\",\"url\":\"https:\/\/tecnoinformatica-ec.com\/portal1\/?product=apple-usb-c-to-lightning-cable-2-0-1m\",\"name\":\"Teclado y Mouse Inal\u00e1mbricos Logitech MK270 - TECNOINFORMATICA\",\"isPartOf\":{\"@id\":\"https:\/\/tecnoinformatica-ec.com\/portal1\/#website\"},\"primaryImageOfPage\":{\"@id\":\"https:\/\/tecnoinformatica-ec.com\/portal1\/?product=apple-usb-c-to-lightning-cable-2-0-1m#primaryimage\"},\"image\":{\"@id\":\"https:\/\/tecnoinformatica-ec.com\/portal1\/?product=apple-usb-c-to-lightning-cable-2-0-1m#primaryimage\"},\"thumbnailUrl\":\"https:\/\/tecnoinformatica-ec.com\/portal1\/wp-content\/uploads\/2021\/09\/7665.png\",\"datePublished\":\"2021-09-09T13:45:14+00:00\",\"dateModified\":\"2022-09-23T17:00:58+00:00\",\"breadcrumb\":{\"@id\":\"https:\/\/tecnoinformatica-ec.com\/portal1\/?product=apple-usb-c-to-lightning-cable-2-0-1m#breadcrumb\"},\"inLanguage\":\"es\",\"potentialAction\":[{\"@type\":\"ReadAction\",\"target\":[\"https:\/\/tecnoinformatica-ec.com\/portal1\/?product=apple-usb-c-to-lightning-cable-2-0-1m\"]}]},{\"@type\":\"ImageObject\",\"inLanguage\":\"es\",\"@id\":\"https:\/\/tecnoinformatica-ec.com\/portal1\/?product=apple-usb-c-to-lightning-cable-2-0-1m#primaryimage\",\"url\":\"https:\/\/tecnoinformatica-ec.com\/portal1\/wp-content\/uploads\/2021\/09\/7665.png\",\"contentUrl\":\"https:\/\/tecnoinformatica-ec.com\/portal1\/wp-content\/uploads\/2021\/09\/7665.png\",\"width\":3976,\"height\":3112},{\"@type\":\"BreadcrumbList\",\"@id\":\"https:\/\/tecnoinformatica-ec.com\/portal1\/?product=apple-usb-c-to-lightning-cable-2-0-1m#breadcrumb\",\"itemListElement\":[{\"@type\":\"ListItem\",\"position\":1,\"name\":\"Portada\",\"item\":\"https:\/\/tecnoinformatica-ec.com\/portal1\/\"},{\"@type\":\"ListItem\",\"position\":2,\"name\":\"Shop\",\"item\":\"https:\/\/tecnoinformatica-ec.com\/portal1\/?page_id=1788\"},{\"@type\":\"ListItem\",\"position\":3,\"name\":\"Teclado y Mouse Inal\u00e1mbricos Logitech MK270\"}]},{\"@type\":\"WebSite\",\"@id\":\"https:\/\/tecnoinformatica-ec.com\/portal1\/#website\",\"url\":\"https:\/\/tecnoinformatica-ec.com\/portal1\/\",\"name\":\"TECNOINFORMATICA\",\"description\":\"La mejor soluci\u00f3n en Comptaci\u00f3n para usted\",\"potentialAction\":[{\"@type\":\"SearchAction\",\"target\":{\"@type\":\"EntryPoint\",\"urlTemplate\":\"https:\/\/tecnoinformatica-ec.com\/portal1\/?s={search_term_string}\"},\"query-input\":{\"@type\":\"PropertyValueSpecification\",\"valueRequired\":true,\"valueName\":\"search_term_string\"}}],\"inLanguage\":\"es\"}]}<\/script>\n<!-- \/ Yoast SEO plugin. -->","yoast_head_json":{"title":"Teclado y Mouse Inal\u00e1mbricos Logitech MK270 - TECNOINFORMATICA","robots":{"index":"index","follow":"follow","max-snippet":"max-snippet:-1","max-image-preview":"max-image-preview:large","max-video-preview":"max-video-preview:-1"},"canonical":"https:\/\/tecnoinformatica-ec.com\/portal1\/?product=apple-usb-c-to-lightning-cable-2-0-1m","og_locale":"es_ES","og_type":"article","og_title":"Teclado y Mouse Inal\u00e1mbricos Logitech MK270 - TECNOINFORMATICA","og_description":"Inal\u00e1mbrico  Negro  Incluye Bater\u00eda","og_url":"https:\/\/tecnoinformatica-ec.com\/portal1\/?product=apple-usb-c-to-lightning-cable-2-0-1m","og_site_name":"TECNOINFORMATICA","article_modified_time":"2022-09-23T17:00:58+00:00","og_image":[{"width":3976,"height":3112,"url":"https:\/\/tecnoinformatica-ec.com\/portal1\/wp-content\/uploads\/2021\/09\/7665.png","type":"image\/png"}],"twitter_card":"summary_large_image","twitter_misc":{"Tiempo de lectura":"1 minuto"},"schema":{"@context":"https:\/\/schema.org","@graph":[{"@type":"WebPage","@id":"https:\/\/tecnoinformatica-ec.com\/portal1\/?product=apple-usb-c-to-lightning-cable-2-0-1m","url":"https:\/\/tecnoinformatica-ec.com\/portal1\/?product=apple-usb-c-to-lightning-cable-2-0-1m","name":"Teclado y Mouse Inal\u00e1mbricos Logitech MK270 - TECNOINFORMATICA","isPartOf":{"@id":"https:\/\/tecnoinformatica-ec.com\/portal1\/#website"},"primaryImageOfPage":{"@id":"https:\/\/tecnoinformatica-ec.com\/portal1\/?product=apple-usb-c-to-lightning-cable-2-0-1m#primaryimage"},"image":{"@id":"https:\/\/tecnoinformatica-ec.com\/portal1\/?product=apple-usb-c-to-lightning-cable-2-0-1m#primaryimage"},"thumbnailUrl":"https:\/\/tecnoinformatica-ec.com\/portal1\/wp-content\/uploads\/2021\/09\/7665.png","datePublished":"2021-09-09T13:45:14+00:00","dateModified":"2022-09-23T17:00:58+00:00","breadcrumb":{"@id":"https:\/\/tecnoinformatica-ec.com\/portal1\/?product=apple-usb-c-to-lightning-cable-2-0-1m#breadcrumb"},"inLanguage":"es","potentialAction":[{"@type":"ReadAction","target":["https:\/\/tecnoinformatica-ec.com\/portal1\/?product=apple-usb-c-to-lightning-cable-2-0-1m"]}]},{"@type":"ImageObject","inLanguage":"es","@id":"https:\/\/tecnoinformatica-ec.com\/portal1\/?product=apple-usb-c-to-lightning-cable-2-0-1m#primaryimage","url":"https:\/\/tecnoinformatica-ec.com\/portal1\/wp-content\/uploads\/2021\/09\/7665.png","contentUrl":"https:\/\/tecnoinformatica-ec.com\/portal1\/wp-content\/uploads\/2021\/09\/7665.png","width":3976,"height":3112},{"@type":"BreadcrumbList","@id":"https:\/\/tecnoinformatica-ec.com\/portal1\/?product=apple-usb-c-to-lightning-cable-2-0-1m#breadcrumb","itemListElement":[{"@type":"ListItem","position":1,"name":"Portada","item":"https:\/\/tecnoinformatica-ec.com\/portal1\/"},{"@type":"ListItem","position":2,"name":"Shop","item":"https:\/\/tecnoinformatica-ec.com\/portal1\/?page_id=1788"},{"@type":"ListItem","position":3,"name":"Teclado y Mouse Inal\u00e1mbricos Logitech MK270"}]},{"@type":"WebSite","@id":"https:\/\/tecnoinformatica-ec.com\/portal1\/#website","url":"https:\/\/tecnoinformatica-ec.com\/portal1\/","name":"TECNOINFORMATICA","description":"La mejor soluci\u00f3n en Comptaci\u00f3n para usted","potentialAction":[{"@type":"SearchAction","target":{"@type":"EntryPoint","urlTemplate":"https:\/\/tecnoinformatica-ec.com\/portal1\/?s={search_term_string}"},"query-input":{"@type":"PropertyValueSpecification","valueRequired":true,"valueName":"search_term_string"}}],"inLanguage":"es"}]}},"_links":{"self":[{"href":"https:\/\/tecnoinformatica-ec.com\/portal1\/index.php?rest_route=\/wp\/v2\/product\/468","targetHints":{"allow":["GET"]}}],"collection":[{"href":"https:\/\/tecnoinformatica-ec.com\/portal1\/index.php?rest_route=\/wp\/v2\/product"}],"about":[{"href":"https:\/\/tecnoinformatica-ec.com\/portal1\/index.php?rest_route=\/wp\/v2\/types\/product"}],"replies":[{"embeddable":true,"href":"https:\/\/tecnoinformatica-ec.com\/portal1\/index.php?rest_route=%2Fwp%2Fv2%2Fcomments&post=468"}],"version-history":[{"count":3,"href":"https:\/\/tecnoinformatica-ec.com\/portal1\/index.php?rest_route=\/wp\/v2\/product\/468\/revisions"}],"predecessor-version":[{"id":3933,"href":"https:\/\/tecnoinformatica-ec.com\/portal1\/index.php?rest_route=\/wp\/v2\/product\/468\/revisions\/3933"}],"wp:featuredmedia":[{"embeddable":true,"href":"https:\/\/tecnoinformatica-ec.com\/portal1\/index.php?rest_route=\/wp\/v2\/media\/3930"}],"wp:attachment":[{"href":"https:\/\/tecnoinformatica-ec.com\/portal1\/index.php?rest_route=%2Fwp%2Fv2%2Fmedia&parent=468"}],"wp:term":[{"taxonomy":"product_brand","embeddable":true,"href":"https:\/\/tecnoinformatica-ec.com\/portal1\/index.php?rest_route=%2Fwp%2Fv2%2Fproduct_brand&post=468"},{"taxonomy":"product_cat","embeddable":true,"href":"https:\/\/tecnoinformatica-ec.com\/portal1\/index.php?rest_route=%2Fwp%2Fv2%2Fproduct_cat&post=468"},{"taxonomy":"product_tag","embeddable":true,"href":"https:\/\/tecnoinformatica-ec.com\/portal1\/index.php?rest_route=%2Fwp%2Fv2%2Fproduct_tag&post=468"}],"curies":[{"name":"wp","href":"https:\/\/api.w.org\/{rel}","templated":true}]}}